{"id":543,"date":"2018-06-29T04:28:14","date_gmt":"2018-06-29T04:28:14","guid":{"rendered":"http:\/\/academia.actua.org.mx\/?page_id=543"},"modified":"2018-08-16T21:51:32","modified_gmt":"2018-08-16T21:51:32","slug":"clases-de-guitarra-electrica","status":"publish","type":"page","link":"https:\/\/academia.actua.org.mx\/index.php\/clases-de-guitarra-electrica\/","title":{"rendered":"Clases de Guitarra El\u00e9ctrica"},"content":{"rendered":"<div id=\"pl-543\"  class=\"panel-layout\" ><div id=\"pg-543-0\"  class=\"panel-grid panel-has-style\" ><div class=\"seccion-banner so-parallax siteorigin-panels-stretch panel-row-style panel-row-style-for-543-0\" data-stretch-type=\"full\" ><img fetchpriority=\"high\" decoding=\"async\" width=\"1000\" height=\"1000\" src=\"https:\/\/academia.actua.org.mx\/wp-content\/uploads\/2018\/07\/guitarra.jpg\" class=\"attachment-full size-full\" alt=\"\" data-siteorigin-parallax=\"true\" loading=\"eager\" srcset=\"https:\/\/academia.actua.org.mx\/wp-content\/uploads\/2018\/07\/guitarra.jpg 1000w, https:\/\/academia.actua.org.mx\/wp-content\/uploads\/2018\/07\/guitarra-150x150.jpg 150w, https:\/\/academia.actua.org.mx\/wp-content\/uploads\/2018\/07\/guitarra-300x300.jpg 300w, https:\/\/academia.actua.org.mx\/wp-content\/uploads\/2018\/07\/guitarra-768x768.jpg 768w, https:\/\/academia.actua.org.mx\/wp-content\/uploads\/2018\/07\/guitarra-100x100.jpg 100w\" sizes=\"(max-width: 1000px) 100vw, 1000px\" \/><div id=\"pgc-543-0-0\"  class=\"panel-grid-cell\" ><div id=\"panel-543-0-0-0\" class=\"so-panel widget widget_sow-editor panel-first-child\" data-index=\"0\" ><div\n\t\t\t\n\t\t\tclass=\"so-widget-sow-editor so-widget-sow-editor-base\"\n\t\t\t\n\t\t>\n<div class=\"siteorigin-widget-tinymce textwidget\">\n\t<p><img loading=\"lazy\" decoding=\"async\" class=\"alignnone size-full wp-image-525\" src=\"http:\/\/academia.actua.org.mx\/wp-content\/uploads\/2018\/06\/icono-blues.png\" alt=\"\" width=\"84\" height=\"84\" \/><\/p>\n<h1>Domina la guitarra el\u00e9ctrica, de la manera m\u00e1s sencilla<\/h1>\n<h2>Clases presenciales<\/h2>\n<p><span>Ciudad de Puebla<\/span><\/p>\n<\/div>\n<\/div><\/div><div id=\"panel-543-0-0-1\" class=\"widget_text so-panel widget widget_custom_html panel-last-child\" data-index=\"1\" ><div class=\"widget_text boton-compartir panel-widget-style panel-widget-style-for-543-0-0-1\" ><div class=\"textwidget custom-html-widget\"><div class=\"fb-share-button\" data-href=\"http:\/\/academia.actua.org.mx\/index.php\/clases-de-guitarra-electrica\/#registrate\" data-layout=\"button\" data-size=\"large\" data-mobile-iframe=\"true\"><a target=\"_blank\" href=\"https:\/\/www.facebook.com\/sharer\/sharer.php?u=http%3A%2F%2Facademia.actua.org.mx%2Findex.php%2Fclases-de-guitarra-electrica%2F%23registrate&amp;src=sdkpreparse\" class=\"fb-xfbml-parse-ignore\" rel=\"noopener\">Compartir<\/a><\/div><\/div><\/div><\/div><\/div><\/div><\/div><div id=\"pg-543-1\"  class=\"panel-grid panel-has-style\" ><div class=\"mobile-sidebar seccion-intro panel-row-style panel-row-style-for-543-1\" ><div id=\"pgc-543-1-0\"  class=\"panel-grid-cell\" ><div id=\"panel-543-1-0-0\" class=\"so-panel widget widget_media_video panel-first-child\" data-index=\"2\" ><div class=\"video-curso panel-widget-style panel-widget-style-for-543-1-0-0\" ><div style=\"width:100%;\" class=\"wp-video\"><!--[if lt IE 9]><script>document.createElement('video');<\/script><![endif]-->\n<video class=\"wp-video-shortcode\" id=\"video-543-1\" preload=\"metadata\" controls=\"controls\"><source type=\"video\/mp4\" src=\"https:\/\/academia.actua.org.mx\/wp-content\/uploads\/2018\/08\/180803-video-Elias-2.mp4?_=1\" \/><source type=\"video\/mp4\" src=\"http:\/\/academia.actua.org.mx\/wp-content\/uploads\/2018\/08\/180803-video-Elias-2.mp4?_=1\" \/><a href=\"https:\/\/academia.actua.org.mx\/wp-content\/uploads\/2018\/08\/180803-video-Elias-2.mp4\">https:\/\/academia.actua.org.mx\/wp-content\/uploads\/2018\/08\/180803-video-Elias-2.mp4<\/a><\/video><\/div><\/div><\/div><div id=\"panel-543-1-0-1\" class=\"so-panel widget widget_sow-editor panel-last-child\" data-index=\"3\" ><div class=\"bloque-ficha panel-widget-style panel-widget-style-for-543-1-0-1\" ><div\n\t\t\t\n\t\t\tclass=\"so-widget-sow-editor so-widget-sow-editor-base\"\n\t\t\t\n\t\t>\n<div class=\"siteorigin-widget-tinymce textwidget\">\n\t<h2>Domina la guitarra el\u00e9ctrica de la manera m\u00e1s sencilla<\/h2>\n<div class=\"precio\"><span class=\"small\">$<\/span> 500 <span class=\"smaller\">Mensuales<\/span><\/div>\n<div class=\"horario\"><img loading=\"lazy\" decoding=\"async\" class=\"alignnone size-full wp-image-79\" src=\"http:\/\/academia.actua.org.mx\/wp-content\/uploads\/2018\/06\/icon-inicio.png\" alt=\"\" width=\"41\" height=\"38\" \/>Martes \u00f3 Mi\u00e9rcoles<br \/>\n4:00 - 5:15 pm<\/div>\n<div class=\"ubicacion\"><a href=\"https:\/\/goo.gl\/maps\/B1esW5nzeh82\" target=\"blank\"><img loading=\"lazy\" decoding=\"async\" class=\"alignnone size-full wp-image-277\" src=\"http:\/\/academia.actua.org.mx\/wp-content\/uploads\/2018\/06\/icono-ubicacion1.png\" alt=\"\" width=\"41\" height=\"38\" \/>Local 102 Plaza Am\u00e9rica (Circuito Juan Pablo II 505,<br \/>\nCol. Residencial Bulevares Puebla, Pue.)<\/a><\/div>\n<\/div>\n<\/div><\/div><\/div><\/div><\/div><\/div><div id=\"pg-543-2\"  class=\"panel-grid panel-has-style\" ><div class=\"seccion-intro siteorigin-panels-stretch panel-row-style panel-row-style-for-543-2\" data-stretch-type=\"full\" ><div id=\"pgc-543-2-0\"  class=\"panel-grid-cell\" ><div id=\"panel-543-2-0-0\" class=\"so-panel widget widget_sow-editor panel-first-child\" data-index=\"4\" ><div class=\"bloque-inscribete bloque-destacado panel-widget-style panel-widget-style-for-543-2-0-0\" id=\"inscribete\" ><div\n\t\t\t\n\t\t\tclass=\"so-widget-sow-editor so-widget-sow-editor-base\"\n\t\t\t\n\t\t>\n<div class=\"siteorigin-widget-tinymce textwidget\">\n\t<h2>Inscr\u00edbete ahora:<\/h2>\n<p>[contact-form-7 id=\"948\" title=\"Registro corto\"]<\/p>\n<\/div>\n<\/div><\/div><\/div><div id=\"panel-543-2-0-1\" class=\"so-panel widget widget_sow-editor\" data-index=\"5\" ><div class=\"bloque-destacado bloque-lograr panel-widget-style panel-widget-style-for-543-2-0-1\" ><div\n\t\t\t\n\t\t\tclass=\"so-widget-sow-editor so-widget-sow-editor-base\"\n\t\t\t\n\t\t>\n<div class=\"siteorigin-widget-tinymce textwidget\">\n\t<h2>Esto es lo que vas a lograr:<\/h2>\n<p>Aprender\u00e1s a identificar las notas en la guitarra, a desarrollar r\u00edtmica, leer tablaturas y partituras, desarrollar\u00e1s diferentes t\u00e9cnicas de plumilleo para ejecutar el instrumento, compaginar\u00e1s lo aprendido con teor\u00eda de la m\u00fasica, interpretar\u00e1s distintas piezas de distintos g\u00e9neros.<\/p>\n<\/div>\n<\/div><\/div><\/div><div id=\"panel-543-2-0-2\" class=\"so-panel widget widget_sow-editor\" data-index=\"6\" ><div class=\"bloque-destacado bloque-necesitas panel-widget-style panel-widget-style-for-543-2-0-2\" ><div\n\t\t\t\n\t\t\tclass=\"so-widget-sow-editor so-widget-sow-editor-base\"\n\t\t\t\n\t\t>\n<div class=\"siteorigin-widget-tinymce textwidget\">\n\t<h2>Lo que necesitas:<\/h2>\n<p>Debes contar con una guitarra ya sea el\u00e9ctrica o ac\u00fastica, una libreta profesional 7mm.<\/p>\n<\/div>\n<\/div><\/div><\/div><div id=\"panel-543-2-0-3\" class=\"so-panel widget widget_sow-editor\" data-index=\"7\" ><div class=\"bloque-destacado bloque-descripcion panel-widget-style panel-widget-style-for-543-2-0-3\" ><div\n\t\t\t\n\t\t\tclass=\"so-widget-sow-editor so-widget-sow-editor-base\"\n\t\t\t\n\t\t>\n<div class=\"siteorigin-widget-tinymce textwidget\">\n\t<h2>Descripci\u00f3n:<\/h2>\n<p>Desarrollar\u00e1s tres puntos b\u00e1sicos para todo m\u00fasico:<\/p>\n<ul class=\"lista-paloma\">\n<li>el entrenamiento auditivo<\/li>\n<li>la teor\u00eda musical<\/li>\n<li>la ejecuci\u00f3n del instrumento<\/li>\n<\/ul>\n<p>Mediante clases din\u00e1micas se abarcar\u00e1n estas tres \u00e1reas por medio de una rutina personalizada que se adaptar\u00e1 a tu disponibilidad de tiempo para ensayar.<\/p>\n<\/div>\n<\/div><\/div><\/div><div id=\"panel-543-2-0-4\" class=\"so-panel widget widget_sow-editor\" data-index=\"8\" ><div class=\"bloque-destacado bloque-metodologia panel-widget-style panel-widget-style-for-543-2-0-4\" ><div\n\t\t\t\n\t\t\tclass=\"so-widget-sow-editor so-widget-sow-editor-base\"\n\t\t\t\n\t\t>\n<div class=\"siteorigin-widget-tinymce textwidget\">\n\t<h2>Metodolog\u00eda<\/h2>\n<p>Ense\u00f1anza te\u00f3rica y pr\u00e1ctica con rutinas de ensayo personalizada, con un fuerte enfoque en ejecuci\u00f3n del instrumento, armon\u00eda contempor\u00e1nea y entrenamiento auditivo. Por medio de estas tres, tendr\u00e1s un conocimiento amplio y detallado sobre las t\u00e9cnicas de guitarra.<\/p>\n<\/div>\n<\/div><\/div><\/div><div id=\"panel-543-2-0-5\" class=\"so-panel widget widget_sow-editor\" data-index=\"9\" ><div class=\"bloque-destacado bloque-dirigido panel-widget-style panel-widget-style-for-543-2-0-5\" ><div\n\t\t\t\n\t\t\tclass=\"so-widget-sow-editor so-widget-sow-editor-base\"\n\t\t\t\n\t\t>\n<div class=\"siteorigin-widget-tinymce textwidget\">\n\t<h2>Dirigido a Principiantes, Intermedios y Avanzados<\/h2>\n<\/div>\n<\/div><\/div><\/div><div id=\"panel-543-2-0-6\" class=\"so-panel widget widget_siteorigin-panels-builder\" data-index=\"10\" ><div class=\"bloque-profesor bloque-destacado panel-widget-style panel-widget-style-for-543-2-0-6\" ><div id=\"pl-w5b6665820c5a5\"  class=\"panel-layout\" ><div id=\"pg-w5b6665820c5a5-0\"  class=\"panel-grid panel-no-style\" ><div id=\"pgc-w5b6665820c5a5-0-0\"  class=\"panel-grid-cell\" ><div id=\"panel-w5b6665820c5a5-0-0-0\" class=\"so-panel widget widget_sow-image panel-first-child\" data-index=\"0\" ><div\n\t\t\t\n\t\t\tclass=\"so-widget-sow-image so-widget-sow-image-default-c67d20f9f743\"\n\t\t\t\n\t\t>\n<div class=\"sow-image-container\">\n\t\t<img \n\tsrc=\"https:\/\/academia.actua.org.mx\/wp-content\/uploads\/2018\/08\/180721-Elias.jpg\" width=\"580\" height=\"580\" srcset=\"https:\/\/academia.actua.org.mx\/wp-content\/uploads\/2018\/08\/180721-Elias.jpg 580w, https:\/\/academia.actua.org.mx\/wp-content\/uploads\/2018\/08\/180721-Elias-150x150.jpg 150w, https:\/\/academia.actua.org.mx\/wp-content\/uploads\/2018\/08\/180721-Elias-300x300.jpg 300w, https:\/\/academia.actua.org.mx\/wp-content\/uploads\/2018\/08\/180721-Elias-100x100.jpg 100w\" sizes=\"(max-width: 580px) 100vw, 580px\" title=\"180721 Elias\" alt=\"\" \t\tclass=\"so-widget-image\"\/>\n\t<\/div>\n\n<\/div><\/div><div id=\"panel-w5b6665820c5a5-0-0-1\" class=\"so-panel widget widget_sow-editor panel-last-child\" data-index=\"1\" ><div\n\t\t\t\n\t\t\tclass=\"so-widget-sow-editor so-widget-sow-editor-base\"\n\t\t\t\n\t\t>\n<div class=\"siteorigin-widget-tinymce textwidget\">\n\t<p style=\"text-align: center;\"><strong>Profesor:<\/strong><\/p>\n<h3 style=\"text-align: center;\"><strong>El\u00edas Carrasco<\/strong><\/h3>\n<\/div>\n<\/div><\/div><\/div><div id=\"pgc-w5b6665820c5a5-0-1\"  class=\"panel-grid-cell\" ><div id=\"panel-w5b6665820c5a5-0-1-0\" class=\"so-panel widget widget_sow-editor panel-first-child panel-last-child\" data-index=\"2\" ><div\n\t\t\t\n\t\t\tclass=\"so-widget-sow-editor so-widget-sow-editor-base\"\n\t\t\t\n\t\t>\n<div class=\"siteorigin-widget-tinymce textwidget\">\n\t<ul>\n<li>Licenciado en Composici\u00f3n de M\u00fasica Popular Contempor\u00e1nea<\/li>\n<li>Egresado de Fermatta en la ciudad de M\u00e9xico<\/li>\n<li>8 a\u00f1os de experiencia en guitarra el\u00e9ctrica.<\/li>\n<li>Ha participado en varios grupos de rock<\/li>\n<li>Ejerce como profesor de m\u00fasica en Escuelas establecidas de la ciudad de Puebla<\/li>\n<li>5 a\u00f1os de experiencia dando clases particulares de guitarra el\u00e9ctrica<\/li>\n<li>Colaboraci\u00f3n en la casa de la cultura Jes\u00fas Reyes Heroles en la CDMX<\/li>\n<li>Alumno de Beto Jim\u00e9nez, Carlos Olivos, Richo Bermu, y otros.<\/li>\n<li>Ense\u00f1a varios g\u00e9neros, pero su \u00e1rea de especialidad es el rock y el blues.<\/li>\n<li>Trabaja con principiantes y avanzados.<\/li>\n<\/ul>\n<\/div>\n<\/div><\/div><\/div><\/div><\/div><\/div><\/div><div id=\"panel-543-2-0-7\" class=\"so-panel widget widget_sow-accordion panel-last-child\" data-index=\"11\" ><div class=\"bloque-destacado bloque-faqs panel-widget-style panel-widget-style-for-543-2-0-7\" ><div\n\t\t\t\n\t\t\tclass=\"so-widget-sow-accordion so-widget-sow-accordion-default-99be652ed941-543\"\n\t\t\t\n\t\t><h3 class=\"widget-title\">Faq's<\/h3><div>\n\t<div class=\"sow-accordion\">\n\t\t\t<div class=\"sow-accordion-panel\n\t\t sow-accordion-panel-open\t\t\t\"\n\t\t\t\tdata-anchor-id=\"que-es-equipos-actua-a-c\">\n\t\t\t\t\t<div class=\"sow-accordion-panel-header-container\" role=\"heading\" aria-level=\"2\">\n\t\t\t\t\t<div class=\"sow-accordion-panel-header\" tabindex=\"0\" role=\"button\" id=\"accordion-label-%c2%bfqu%c3%a9-es-equipos-act%c3%baa-a-c\" aria-controls=\"accordion-content-%c2%bfqu%c3%a9-es-equipos-act%c3%baa-a-c\" aria-expanded=\"true\">\n\t\t\t\t\t\t<div class=\"sow-accordion-title sow-accordion-title-icon-left\">\n\t\t\t\t\t\t\t\t\t\t\t\t\t\t\u00bfQu\u00e9 es Equipos Act\u00faa A.C.?\t\t\t\t\t\t\t\t\t\t\t\t\t<\/div>\n\t\t\t\t\t\t<div class=\"sow-accordion-open-close-button\">\n\t\t\t\t\t\t\t<div class=\"sow-accordion-open-button\">\n\t\t\t\t\t\t\t\t<span class=\"sow-icon-ionicons\" data-sow-icon=\"&#xf218;\"\n\t\t \n\t\taria-hidden=\"true\"><\/span>\t\t\t\t\t\t\t<\/div>\n\t\t\t\t\t\t\t<div class=\"sow-accordion-close-button\">\n\t\t\t\t\t\t\t\t<span class=\"sow-icon-ionicons\" data-sow-icon=\"&#xf209;\"\n\t\t \n\t\taria-hidden=\"true\"><\/span>\t\t\t\t\t\t\t<\/div>\n\t\t\t\t\t\t<\/div>\n\t\t\t\t\t<\/div>\n\t\t\t\t<\/div>\n\n\t\t\t<div\n\t\t\t\tclass=\"sow-accordion-panel-content\"\n\t\t\t\trole=\"region\"\n\t\t\t\taria-labelledby=\"accordion-label-%c2%bfqu%c3%a9-es-equipos-act%c3%baa-a-c\"\n\t\t\t\tid=\"accordion-content-%c2%bfqu%c3%a9-es-equipos-act%c3%baa-a-c\"\n\t\t\t\t\t\t\t>\n\t\t\t\t<div class=\"sow-accordion-panel-border\">\n\t\t\t\t\t<p>Equipos Act\u00faa A.C. es una instituci\u00f3n sin fines de lucro que pretende facultar a las personas para exponer lo mejor de ellas. Creemos que cada persona tiene un prop\u00f3sito para aportar a la sociedad, por lo cual promovemos la b\u00fasqueda intensa de ese prop\u00f3sito y la capacitaci\u00f3n para lograrlo.<\/p>\n\t\t\t\t<\/div>\n\t\t\t<\/div>\n\t\t<\/div>\n\t\t\t<div class=\"sow-accordion-panel\n\t\t\t\t\t\"\n\t\t\t\tdata-anchor-id=\"por-que-sus-tarifas-accesibles\">\n\t\t\t\t\t<div class=\"sow-accordion-panel-header-container\" role=\"heading\" aria-level=\"2\">\n\t\t\t\t\t<div class=\"sow-accordion-panel-header\" tabindex=\"0\" role=\"button\" id=\"accordion-label-%c2%bfpor-qu%c3%a9-sus-tarifas-accesibles\" aria-controls=\"accordion-content-%c2%bfpor-qu%c3%a9-sus-tarifas-accesibles\" aria-expanded=\"false\">\n\t\t\t\t\t\t<div class=\"sow-accordion-title sow-accordion-title-icon-left\">\n\t\t\t\t\t\t\t\t\t\t\t\t\t\t\u00bfPor qu\u00e9 sus tarifas accesibles?\t\t\t\t\t\t\t\t\t\t\t\t\t<\/div>\n\t\t\t\t\t\t<div class=\"sow-accordion-open-close-button\">\n\t\t\t\t\t\t\t<div class=\"sow-accordion-open-button\">\n\t\t\t\t\t\t\t\t<span class=\"sow-icon-ionicons\" data-sow-icon=\"&#xf218;\"\n\t\t \n\t\taria-hidden=\"true\"><\/span>\t\t\t\t\t\t\t<\/div>\n\t\t\t\t\t\t\t<div class=\"sow-accordion-close-button\">\n\t\t\t\t\t\t\t\t<span class=\"sow-icon-ionicons\" data-sow-icon=\"&#xf209;\"\n\t\t \n\t\taria-hidden=\"true\"><\/span>\t\t\t\t\t\t\t<\/div>\n\t\t\t\t\t\t<\/div>\n\t\t\t\t\t<\/div>\n\t\t\t\t<\/div>\n\n\t\t\t<div\n\t\t\t\tclass=\"sow-accordion-panel-content\"\n\t\t\t\trole=\"region\"\n\t\t\t\taria-labelledby=\"accordion-label-%c2%bfpor-qu%c3%a9-sus-tarifas-accesibles\"\n\t\t\t\tid=\"accordion-content-%c2%bfpor-qu%c3%a9-sus-tarifas-accesibles\"\n\t\t\t\tstyle=\"display: none;\"\t\t\t>\n\t\t\t\t<div class=\"sow-accordion-panel-border\">\n\t\t\t\t\t<p>Al ser una Asociaci\u00f3n sin fines de lucro, se pretende ser accesibles solicitando un donativo que nos permita pagar nuestros gastos operativos y que las personas puedan beneficiarse con cualquiera de nuestros cursos y talleres a costos muy accesibles.<\/p>\n\t\t\t\t<\/div>\n\t\t\t<\/div>\n\t\t<\/div>\n\t\t\t<div class=\"sow-accordion-panel\n\t\t\t\t\t\"\n\t\t\t\tdata-anchor-id=\"que-valores-mueven-a-equipos-actua\">\n\t\t\t\t\t<div class=\"sow-accordion-panel-header-container\" role=\"heading\" aria-level=\"2\">\n\t\t\t\t\t<div class=\"sow-accordion-panel-header\" tabindex=\"0\" role=\"button\" id=\"accordion-label-%c2%bfqu%c3%a9-valores-mueven-a-equipos-act%c3%baa\" aria-controls=\"accordion-content-%c2%bfqu%c3%a9-valores-mueven-a-equipos-act%c3%baa\" aria-expanded=\"false\">\n\t\t\t\t\t\t<div class=\"sow-accordion-title sow-accordion-title-icon-left\">\n\t\t\t\t\t\t\t\t\t\t\t\t\t\t\u00bfQu\u00e9 valores mueven a Equipos Act\u00faa?\t\t\t\t\t\t\t\t\t\t\t\t\t<\/div>\n\t\t\t\t\t\t<div class=\"sow-accordion-open-close-button\">\n\t\t\t\t\t\t\t<div class=\"sow-accordion-open-button\">\n\t\t\t\t\t\t\t\t<span class=\"sow-icon-ionicons\" data-sow-icon=\"&#xf218;\"\n\t\t \n\t\taria-hidden=\"true\"><\/span>\t\t\t\t\t\t\t<\/div>\n\t\t\t\t\t\t\t<div class=\"sow-accordion-close-button\">\n\t\t\t\t\t\t\t\t<span class=\"sow-icon-ionicons\" data-sow-icon=\"&#xf209;\"\n\t\t \n\t\taria-hidden=\"true\"><\/span>\t\t\t\t\t\t\t<\/div>\n\t\t\t\t\t\t<\/div>\n\t\t\t\t\t<\/div>\n\t\t\t\t<\/div>\n\n\t\t\t<div\n\t\t\t\tclass=\"sow-accordion-panel-content\"\n\t\t\t\trole=\"region\"\n\t\t\t\taria-labelledby=\"accordion-label-%c2%bfqu%c3%a9-valores-mueven-a-equipos-act%c3%baa\"\n\t\t\t\tid=\"accordion-content-%c2%bfqu%c3%a9-valores-mueven-a-equipos-act%c3%baa\"\n\t\t\t\tstyle=\"display: none;\"\t\t\t>\n\t\t\t\t<div class=\"sow-accordion-panel-border\">\n\t\t\t\t\t<p>Nuestra instituci\u00f3n promueve principios y valores universales para ense\u00f1ar a las personas a edificar sus vidas y proyectos en dichos principios y as\u00ed tener una transformaci\u00f3n personal, familiar y social.<\/p>\n\t\t\t\t<\/div>\n\t\t\t<\/div>\n\t\t<\/div>\n\t\t<\/div>\n<\/div>\n<\/div><\/div><\/div><\/div><div id=\"pgc-543-2-1\"  class=\"panel-grid-cell\" ><div id=\"panel-543-2-1-0\" class=\"so-panel widget widget_media_video panel-first-child\" data-index=\"12\" ><div class=\"video-curso panel-widget-style panel-widget-style-for-543-2-1-0\" ><div style=\"width:100%;\" class=\"wp-video\"><video class=\"wp-video-shortcode\" id=\"video-543-2\" preload=\"metadata\" controls=\"controls\"><source type=\"video\/mp4\" src=\"https:\/\/academia.actua.org.mx\/wp-content\/uploads\/2018\/08\/180803-video-Elias-2.mp4?_=2\" \/><source type=\"video\/mp4\" src=\"http:\/\/academia.actua.org.mx\/wp-content\/uploads\/2018\/08\/180803-video-Elias-2.mp4?_=2\" \/><a href=\"https:\/\/academia.actua.org.mx\/wp-content\/uploads\/2018\/08\/180803-video-Elias-2.mp4\">https:\/\/academia.actua.org.mx\/wp-content\/uploads\/2018\/08\/180803-video-Elias-2.mp4<\/a><\/video><\/div><\/div><\/div><div id=\"panel-543-2-1-1\" class=\"so-panel widget widget_sow-editor panel-last-child\" data-index=\"13\" ><div class=\"bloque-ficha panel-widget-style panel-widget-style-for-543-2-1-1\" ><div\n\t\t\t\n\t\t\tclass=\"so-widget-sow-editor so-widget-sow-editor-base\"\n\t\t\t\n\t\t>\n<div class=\"siteorigin-widget-tinymce textwidget\">\n\t<h2>Domina la guitarra el\u00e9ctrica de la manera m\u00e1s sencilla<\/h2>\n<div class=\"precio\"><span class=\"small\">$<\/span> 500 <span class=\"smaller\">Mensuales<\/span><\/div>\n<div class=\"horario\"><img loading=\"lazy\" decoding=\"async\" class=\"alignnone size-full wp-image-79\" src=\"http:\/\/academia.actua.org.mx\/wp-content\/uploads\/2018\/06\/icon-inicio.png\" alt=\"\" width=\"41\" height=\"38\" \/>Martes \u00f3 Mi\u00e9rcoles<br \/>\n4:00 - 5:15 pm<\/div>\n<div class=\"ubicacion\"><a href=\"https:\/\/goo.gl\/maps\/B1esW5nzeh82\" target=\"blank\"><img loading=\"lazy\" decoding=\"async\" class=\"alignnone size-full wp-image-277\" src=\"http:\/\/academia.actua.org.mx\/wp-content\/uploads\/2018\/06\/icono-ubicacion1.png\" alt=\"\" width=\"41\" height=\"38\" \/>Local 102 Plaza Am\u00e9rica (Circuito Juan Pablo II 505,<br \/>\nCol. Residencial Bulevares Puebla, Pue.)<\/a><\/div>\n<p><a class=\"btn\" href=\"#inscribete\">Inscr\u00edbete<\/a><\/p>\n<\/div>\n<\/div><\/div><\/div><\/div><\/div><\/div><div id=\"pg-543-3\"  class=\"panel-grid panel-has-style\" ><div class=\"seccion-registro so-parallax siteorigin-panels-stretch panel-row-style panel-row-style-for-543-3\" data-stretch-type=\"full\" ><img decoding=\"async\" width=\"1920\" height=\"1080\" src=\"https:\/\/academia.actua.org.mx\/wp-content\/uploads\/2018\/07\/bg-blues.jpg\" class=\"attachment-full size-full\" alt=\"\" data-siteorigin-parallax=\"true\" loading=\"eager\" srcset=\"https:\/\/academia.actua.org.mx\/wp-content\/uploads\/2018\/07\/bg-blues.jpg 1920w, https:\/\/academia.actua.org.mx\/wp-content\/uploads\/2018\/07\/bg-blues-300x169.jpg 300w, https:\/\/academia.actua.org.mx\/wp-content\/uploads\/2018\/07\/bg-blues-768x432.jpg 768w, https:\/\/academia.actua.org.mx\/wp-content\/uploads\/2018\/07\/bg-blues-1024x576.jpg 1024w\" sizes=\"(max-width: 1920px) 100vw, 1920px\" \/><div id=\"pgc-543-3-0\"  class=\"panel-grid-cell\" ><div id=\"panel-543-3-0-0\" class=\"so-panel widget widget_sow-editor panel-first-child panel-last-child\" data-index=\"14\" ><div class=\"bloque-informes panel-widget-style panel-widget-style-for-543-3-0-0\" ><div\n\t\t\t\n\t\t\tclass=\"so-widget-sow-editor so-widget-sow-editor-base\"\n\t\t\t\n\t\t>\n<div class=\"siteorigin-widget-tinymce textwidget\">\n\t<h3>INFORMES<\/h3>\n<p>Tel.\u00a06 02 13 24<\/p>\n<p><b>Rub\u00ed Pantoja<br \/>\n<\/b>Asesora Acad\u00e9mica<br \/>\n<span style=\"font-size: 1rem;\">rubi@actua.org.mx<\/span><\/p>\n<\/div>\n<\/div><\/div><\/div><\/div><div id=\"pgc-543-3-1\"  class=\"panel-grid-cell\" ><div id=\"panel-543-3-1-0\" class=\"widget_text so-panel widget widget_custom_html panel-first-child panel-last-child\" data-index=\"15\" ><div class=\"widget_text bloque-informes panel-widget-style panel-widget-style-for-543-3-1-0\" ><div class=\"textwidget custom-html-widget\"><h3>PAYPAL<\/h3>\n<form action=\"https:\/\/www.paypal.com\/cgi-bin\/webscr\" method=\"post\" target=\"_top\">\n<input type=\"hidden\" name=\"cmd\" value=\"_s-xclick\">\n<input type=\"hidden\" name=\"hosted_button_id\" value=\"J8LEG99S9RSXC\">\n<input type=\"image\" src=\"https:\/\/www.paypalobjects.com\/es_XC\/MX\/i\/btn\/btn_paynowCC_LG.gif\" border=\"0\" name=\"submit\" alt=\"PayPal, la forma m\u00e1s segura y r\u00e1pida de pagar en l\u00ednea.\">\n<img loading=\"lazy\" decoding=\"async\" alt=\"\" border=\"0\" src=\"https:\/\/www.paypalobjects.com\/es_XC\/i\/scr\/pixel.gif\" width=\"1\" height=\"1\">\n<\/form><\/div><\/div><\/div><\/div><div id=\"pgc-543-3-2\"  class=\"panel-grid-cell\" ><div id=\"panel-543-3-2-0\" class=\"so-panel widget widget_sow-editor panel-first-child panel-last-child\" data-index=\"16\" ><div class=\"bloque-informes panel-widget-style panel-widget-style-for-543-3-2-0\" ><div\n\t\t\t\n\t\t\tclass=\"so-widget-sow-editor so-widget-sow-editor-base\"\n\t\t\t\n\t\t>\n<div class=\"siteorigin-widget-tinymce textwidget\">\n\t<h3>DEP\u00d3SITO A CUENTA<\/h3>\n<p><strong>Scotiabank Equipos Act\u00faa AC<\/strong><br \/>\nClabe para transferencias: <strong>044650036055284109<\/strong><br \/>\nCuenta para dep\u00f3sitos: <strong>03605528410<\/strong><br \/>\nA 7 d\u00edgitos (Para usuarios de Scotiabank) <strong>5528437<\/strong><\/p>\n<p>REFERENCIA NUM\u00c9RICA 18<\/p>\n<\/div>\n<\/div><\/div><\/div><\/div><\/div><\/div><\/div>","protected":false},"excerpt":{"rendered":"<p>Domina la guitarra el\u00e9ctrica, de la manera m\u00e1s sencilla Clases presenciales Ciudad de Puebla Domina la guitarra el\u00e9ctrica de la manera m\u00e1s sencilla $ 500 Mensuales Martes \u00f3 Mi\u00e9rcoles 4:00 &#8211; 5:15 pm Local 102 Plaza Am\u00e9rica (Circuito Juan Pablo II 505, Col. Residencial Bulevares Puebla, Pue.)<\/p>\n","protected":false},"author":1,"featured_media":0,"parent":0,"menu_order":0,"comment_status":"closed","ping_status":"closed","template":"","meta":{"footnotes":""},"class_list":["post-543","page","type-page","status-publish","hentry"],"_links":{"self":[{"href":"https:\/\/academia.actua.org.mx\/index.php\/wp-json\/wp\/v2\/pages\/543"}],"collection":[{"href":"https:\/\/academia.actua.org.mx\/index.php\/wp-json\/wp\/v2\/pages"}],"about":[{"href":"https:\/\/academia.actua.org.mx\/index.php\/wp-json\/wp\/v2\/types\/page"}],"author":[{"embeddable":true,"href":"https:\/\/academia.actua.org.mx\/index.php\/wp-json\/wp\/v2\/users\/1"}],"replies":[{"embeddable":true,"href":"https:\/\/academia.actua.org.mx\/index.php\/wp-json\/wp\/v2\/comments?post=543"}],"version-history":[{"count":160,"href":"https:\/\/academia.actua.org.mx\/index.php\/wp-json\/wp\/v2\/pages\/543\/revisions"}],"predecessor-version":[{"id":822,"href":"https:\/\/academia.actua.org.mx\/index.php\/wp-json\/wp\/v2\/pages\/543\/revisions\/822"}],"wp:attachment":[{"href":"https:\/\/academia.actua.org.mx\/index.php\/wp-json\/wp\/v2\/media?parent=543"}],"curies":[{"name":"wp","href":"https:\/\/api.w.org\/{rel}","templated":true}]}}