{"id":493,"date":"2018-06-29T02:03:18","date_gmt":"2018-06-29T02:03:18","guid":{"rendered":"http:\/\/academia.actua.org.mx\/?page_id=493"},"modified":"2018-07-18T22:50:15","modified_gmt":"2018-07-18T22:50:15","slug":"taller-crea-sitios-web-con-wordpress","status":"publish","type":"page","link":"https:\/\/academia.actua.org.mx\/index.php\/taller-crea-sitios-web-con-wordpress\/","title":{"rendered":"Taller Crea Sitios Web con WordPress"},"content":{"rendered":"<div id=\"pl-493\"  class=\"panel-layout\" ><div id=\"pg-493-0\"  class=\"panel-grid panel-has-style\" ><div class=\"seccion-banner siteorigin-panels-stretch panel-row-style panel-row-style-for-493-0\" data-stretch-type=\"full-stretched\" ><div id=\"pgc-493-0-0\"  class=\"panel-grid-cell\" ><div id=\"panel-493-0-0-0\" class=\"so-panel widget widget_sow-hero panel-first-child panel-last-child\" data-index=\"0\" ><div\n\t\t\t\n\t\t\tclass=\"so-widget-sow-hero so-widget-sow-hero-default-9d589077f28c-493 so-widget-fittext-wrapper\"\n\t\t\t data-fit-text-compressor=\"0.85\"\n\t\t>\t\t\t\t<div class=\"sow-slider-base\" style=\"display: none\" tabindex=\"0\">\n\t\t\t\t\t<ul\n\t\t\t\t\tclass=\"sow-slider-images\"\n\t\t\t\t\tdata-settings=\"{&quot;pagination&quot;:true,&quot;speed&quot;:800,&quot;timeout&quot;:8000,&quot;paused&quot;:false,&quot;pause_on_hover&quot;:false,&quot;swipe&quot;:true,&quot;nav_always_show_desktop&quot;:&quot;&quot;,&quot;nav_always_show_mobile&quot;:&quot;&quot;,&quot;breakpoint&quot;:&quot;780px&quot;,&quot;unmute&quot;:false,&quot;anchor&quot;:null}\"\n\t\t\t\t\t\t\t\t\t\tdata-anchor-id=\"\"\n\t\t\t\t>\t\t<li class=\"sow-slider-image  sow-slider-image-cover\" style=\"visibility: visible;;background-color: #0a0a0a\" >\n\t\t\t\t\t<div class=\"sow-slider-image-container\">\n\t\t\t<div class=\"sow-slider-image-wrapper\">\n\t\t\t\t<p><img loading=\"lazy\" decoding=\"async\" class=\"width-auto alignnone wp-image-521 size-full\" src=\"http:\/\/academia.actua.org.mx\/wp-content\/uploads\/2018\/06\/icono-wordpress.png\" alt=\"\" width=\"84\" height=\"84\" \/><\/p>\n<h1>TALLER CREA SITIOS WEB<br \/>\nCON WORDPRESS<\/h1>\n<p>Asesor:\u00a0<strong>Miguel Angel S\u00e1nchez Carre\u00f3n<\/strong><\/p>\n\t\t\t<\/div>\n\t\t<\/div>\n\t\t<div class=\"sow-slider-image-overlay sow-slider-image-cover\" style=\"opacity: 0.8;background-image: url(https:\/\/academia.actua.org.mx\/wp-content\/uploads\/2018\/06\/banner-wordpress.jpg)\"  ><\/div>\t\t<\/li>\n\t\t<\/ul>\t\t\t\t<ol class=\"sow-slider-pagination\">\n\t\t\t\t\t\t\t\t\t\t\t<li><a href=\"#\" data-goto=\"0\" aria-label=\"mostrar diapositiva 1\"><\/a><\/li>\n\t\t\t\t\t\t\t\t\t<\/ol>\n\n\t\t\t\t<div class=\"sow-slide-nav sow-slide-nav-next\">\n\t\t\t\t\t<a href=\"#\" data-goto=\"next\" aria-label=\"diapositiva siguiente\" data-action=\"next\">\n\t\t\t\t\t\t<em class=\"sow-sld-icon-thin-right\"><\/em>\n\t\t\t\t\t<\/a>\n\t\t\t\t<\/div>\n\n\t\t\t\t<div class=\"sow-slide-nav sow-slide-nav-prev\">\n\t\t\t\t\t<a href=\"#\" data-goto=\"previous\" aria-label=\"diapositiva anterior\" data-action=\"prev\">\n\t\t\t\t\t\t<em class=\"sow-sld-icon-thin-left\"><\/em>\n\t\t\t\t\t<\/a>\n\t\t\t\t<\/div>\n\t\t\t\t<\/div><\/div><\/div><\/div><\/div><\/div><div id=\"pg-493-1\"  class=\"panel-grid panel-has-style\" ><div class=\"seccion-intro siteorigin-panels-stretch panel-row-style panel-row-style-for-493-1\" data-stretch-type=\"full\" ><div id=\"pgc-493-1-0\"  class=\"panel-grid-cell\" ><div id=\"panel-493-1-0-0\" class=\"so-panel widget widget_siteorigin-panels-builder panel-first-child\" data-index=\"1\" ><div id=\"pl-w5b4fc4271a976\"  class=\"panel-layout\" ><div id=\"pg-w5b4fc4271a976-0\"  class=\"panel-grid panel-has-style\" ><div class=\"seccion-detalles panel-row-style panel-row-style-for-w5b4fc4271a976-0\" ><div id=\"pgc-w5b4fc4271a976-0-0\"  class=\"panel-grid-cell\" ><div id=\"panel-w5b4fc4271a976-0-0-0\" class=\"so-panel widget widget_sow-editor panel-first-child panel-last-child\" data-index=\"0\" ><div class=\"bloque-detalle panel-widget-style panel-widget-style-for-w5b4fc4271a976-0-0-0\" ><div\n\t\t\t\n\t\t\tclass=\"so-widget-sow-editor so-widget-sow-editor-base\"\n\t\t\t\n\t\t>\n<div class=\"siteorigin-widget-tinymce textwidget\">\n\t<p><img loading=\"lazy\" decoding=\"async\" class=\"alignnone size-full wp-image-77\" src=\"http:\/\/academia.actua.org.mx\/wp-content\/uploads\/2018\/06\/icon-duracion.png\" alt=\"\" width=\"41\" height=\"38\" \/><\/p>\n<h4>Duraci\u00f3n<\/h4>\n<p>Curso.<br \/>\n<strong>12 sesiones <\/strong><br \/>\n<strong>(3 meses)<\/strong><br \/>\nClase.<br \/>\n2 hrs<br \/>\n(cada semana)<\/p>\n<\/div>\n<\/div><\/div><\/div><\/div><div id=\"pgc-w5b4fc4271a976-0-1\"  class=\"panel-grid-cell\" ><div id=\"panel-w5b4fc4271a976-0-1-0\" class=\"so-panel widget widget_sow-editor panel-first-child panel-last-child\" data-index=\"1\" ><div class=\"bloque-detalle panel-widget-style panel-widget-style-for-w5b4fc4271a976-0-1-0\" ><div\n\t\t\t\n\t\t\tclass=\"so-widget-sow-editor so-widget-sow-editor-base\"\n\t\t\t\n\t\t>\n<div class=\"siteorigin-widget-tinymce textwidget\">\n\t<p><img loading=\"lazy\" decoding=\"async\" class=\"alignnone size-full wp-image-78\" src=\"http:\/\/academia.actua.org.mx\/wp-content\/uploads\/2018\/06\/icon-horarios.png\" alt=\"\" width=\"40\" height=\"38\" \/><\/p>\n<h4>Horario<\/h4>\n<p><strong>S\u00e1bado<\/strong><br \/>\n9:30 am-11:30 am<\/p>\n<\/div>\n<\/div><\/div><\/div><\/div><div id=\"pgc-w5b4fc4271a976-0-2\"  class=\"panel-grid-cell\" ><div id=\"panel-w5b4fc4271a976-0-2-0\" class=\"so-panel widget widget_sow-editor panel-first-child panel-last-child\" data-index=\"2\" ><div class=\"bloque-detalle panel-widget-style panel-widget-style-for-w5b4fc4271a976-0-2-0\" ><div\n\t\t\t\n\t\t\tclass=\"so-widget-sow-editor so-widget-sow-editor-base\"\n\t\t\t\n\t\t>\n<div class=\"siteorigin-widget-tinymce textwidget\">\n\t<p><img loading=\"lazy\" decoding=\"async\" class=\"alignnone size-full wp-image-76\" src=\"http:\/\/academia.actua.org.mx\/wp-content\/uploads\/2018\/06\/icon-costo.png\" alt=\"\" width=\"38\" height=\"38\" \/><\/p>\n<h4>Costo<\/h4>\n<p><strong>$ 2,000<\/strong><\/p>\n<\/div>\n<\/div><\/div><\/div><\/div><div id=\"pgc-w5b4fc4271a976-0-3\"  class=\"panel-grid-cell\" ><div id=\"panel-w5b4fc4271a976-0-3-0\" class=\"so-panel widget widget_sow-editor panel-first-child panel-last-child\" data-index=\"3\" ><div class=\"bloque-detalle panel-widget-style panel-widget-style-for-w5b4fc4271a976-0-3-0\" ><div\n\t\t\t\n\t\t\tclass=\"so-widget-sow-editor so-widget-sow-editor-base\"\n\t\t\t\n\t\t>\n<div class=\"siteorigin-widget-tinymce textwidget\">\n\t<p><img loading=\"lazy\" decoding=\"async\" class=\"alignnone size-full wp-image-79\" src=\"http:\/\/academia.actua.org.mx\/wp-content\/uploads\/2018\/06\/icon-inicio.png\" alt=\"\" width=\"41\" height=\"38\" \/><\/p>\n<h4>Inicia<\/h4>\n<p>julio <strong>21<\/strong><\/p>\n<\/div>\n<\/div><\/div><\/div><\/div><div id=\"pgc-w5b4fc4271a976-0-4\"  class=\"panel-grid-cell\" ><div id=\"panel-w5b4fc4271a976-0-4-0\" class=\"so-panel widget widget_sow-editor panel-first-child panel-last-child\" data-index=\"4\" ><div class=\"bloque-detalle panel-widget-style panel-widget-style-for-w5b4fc4271a976-0-4-0\" ><div\n\t\t\t\n\t\t\tclass=\"so-widget-sow-editor so-widget-sow-editor-base\"\n\t\t\t\n\t\t>\n<div class=\"siteorigin-widget-tinymce textwidget\">\n\t<p><img loading=\"lazy\" decoding=\"async\" class=\"alignnone wp-image-277 size-full\" src=\"http:\/\/academia.actua.org.mx\/wp-content\/uploads\/2018\/06\/icono-ubicacion1.png\" alt=\"\" width=\"41\" height=\"38\" \/><\/p>\n<h4>Ubicaci\u00f3n<\/h4>\n<p>Plaza Am\u00e9rica, Puebla. Pue.<\/p>\n<\/div>\n<\/div><\/div><\/div><\/div><\/div><\/div><\/div><\/div><div id=\"panel-493-1-0-1\" class=\"so-panel widget widget_sow-editor panel-last-child\" data-index=\"2\" ><div class=\"panel-widget-style panel-widget-style-for-493-1-0-1\" ><div\n\t\t\t\n\t\t\tclass=\"so-widget-sow-editor so-widget-sow-editor-base\"\n\t\t\t\n\t\t>\n<div class=\"siteorigin-widget-tinymce textwidget\">\n\t<p><a class=\"btn smoothscroll\" href=\"#registrate\">Reg\u00edstrate ahora<\/a><\/p>\n<\/div>\n<\/div><\/div><\/div><\/div><div id=\"pgc-493-1-1\"  class=\"panel-grid-cell\" ><div id=\"panel-493-1-1-0\" class=\"so-panel widget widget_sow-editor panel-first-child panel-last-child\" data-index=\"3\" ><div class=\"bloque-ficha panel-widget-style panel-widget-style-for-493-1-1-0\" ><div\n\t\t\t\n\t\t\tclass=\"so-widget-sow-editor so-widget-sow-editor-base\"\n\t\t\t\n\t\t>\n<div class=\"siteorigin-widget-tinymce textwidget\">\n\t<div class=\"item\">Tema del curso:<br \/>\n<strong>Aprende a desarrollar sitio web desde cero<\/strong><\/div>\n<div><\/div>\n<div class=\"item\">\n<p>Temario:<\/p>\n<ul>\n<li><strong>Hosting y dominios<\/strong><\/li>\n<li><strong>Administraci\u00f3n de WordPress<\/strong><\/li>\n<li><strong>Temas<\/strong><\/li>\n<li><strong>Galer\u00edas<\/strong><\/li>\n<li><strong>Formularios<\/strong><\/li>\n<li><strong>Blogs<\/strong><\/li>\n<li><strong>Posicionamiento en google<\/strong><\/li>\n<\/ul>\n<\/div>\n<\/div>\n<\/div><\/div><\/div><\/div><\/div><\/div><div id=\"pg-493-2\"  class=\"panel-grid panel-has-style\" ><div class=\"seccion-registro so-parallax siteorigin-panels-stretch panel-row-style panel-row-style-for-493-2\" id=\"registrate\" data-stretch-type=\"full\" ><img fetchpriority=\"high\" decoding=\"async\" width=\"1920\" height=\"1080\" src=\"https:\/\/academia.actua.org.mx\/wp-content\/uploads\/2018\/06\/bg-wordpress.jpg\" class=\"attachment-full size-full\" alt=\"\" data-siteorigin-parallax=\"true\" loading=\"eager\" srcset=\"https:\/\/academia.actua.org.mx\/wp-content\/uploads\/2018\/06\/bg-wordpress.jpg 1920w, https:\/\/academia.actua.org.mx\/wp-content\/uploads\/2018\/06\/bg-wordpress-300x169.jpg 300w, https:\/\/academia.actua.org.mx\/wp-content\/uploads\/2018\/06\/bg-wordpress-768x432.jpg 768w, https:\/\/academia.actua.org.mx\/wp-content\/uploads\/2018\/06\/bg-wordpress-1024x576.jpg 1024w\" sizes=\"(max-width: 1920px) 100vw, 1920px\" \/><div id=\"pgc-493-2-0\"  class=\"panel-grid-cell panel-grid-cell-mobile-last\" ><div id=\"panel-493-2-0-0\" class=\"so-panel widget widget_sow-editor panel-first-child panel-last-child\" data-index=\"4\" ><div\n\t\t\t\n\t\t\tclass=\"so-widget-sow-editor so-widget-sow-editor-base\"\n\t\t\t\n\t\t>\n<div class=\"siteorigin-widget-tinymce textwidget\">\n\t<h2>REG\u00cdSTRATE<\/h2>\n<p>[contact-form-7 id=\"9\" title=\"Formulario de contacto 1\"]<\/p>\n<\/div>\n<\/div><\/div><\/div><div id=\"pgc-493-2-1\"  class=\"panel-grid-cell panel-grid-cell-empty\" ><\/div><\/div><\/div><\/div>","protected":false},"excerpt":{"rendered":"<p>Reg\u00edstrate ahora Tema del curso: Aprende a desarrollar sitio web desde cero Temario: Hosting y dominios Administraci\u00f3n de Wordpress Temas Galer\u00edas Formularios Blogs Posicionamiento en google<\/p>\n","protected":false},"author":1,"featured_media":0,"parent":0,"menu_order":0,"comment_status":"closed","ping_status":"closed","template":"","meta":{"footnotes":""},"class_list":["post-493","page","type-page","status-publish","hentry"],"_links":{"self":[{"href":"https:\/\/academia.actua.org.mx\/index.php\/wp-json\/wp\/v2\/pages\/493"}],"collection":[{"href":"https:\/\/academia.actua.org.mx\/index.php\/wp-json\/wp\/v2\/pages"}],"about":[{"href":"https:\/\/academia.actua.org.mx\/index.php\/wp-json\/wp\/v2\/types\/page"}],"author":[{"embeddable":true,"href":"https:\/\/academia.actua.org.mx\/index.php\/wp-json\/wp\/v2\/users\/1"}],"replies":[{"embeddable":true,"href":"https:\/\/academia.actua.org.mx\/index.php\/wp-json\/wp\/v2\/comments?post=493"}],"version-history":[{"count":23,"href":"https:\/\/academia.actua.org.mx\/index.php\/wp-json\/wp\/v2\/pages\/493\/revisions"}],"predecessor-version":[{"id":898,"href":"https:\/\/academia.actua.org.mx\/index.php\/wp-json\/wp\/v2\/pages\/493\/revisions\/898"}],"wp:attachment":[{"href":"https:\/\/academia.actua.org.mx\/index.php\/wp-json\/wp\/v2\/media?parent=493"}],"curies":[{"name":"wp","href":"https:\/\/api.w.org\/{rel}","templated":true}]}}