{"id":1332,"date":"2021-01-12T18:51:35","date_gmt":"2021-01-12T18:51:35","guid":{"rendered":"http:\/\/academia.actua.org.mx\/?page_id=1332"},"modified":"2021-01-12T19:33:41","modified_gmt":"2021-01-12T19:33:41","slug":"taller-manejo-profesional-de-agenda","status":"publish","type":"page","link":"https:\/\/academia.actua.org.mx\/index.php\/taller-manejo-profesional-de-agenda\/","title":{"rendered":"Taller Manejo Profesional de Agenda"},"content":{"rendered":"<div id=\"pl-1332\"  class=\"panel-layout\" ><div id=\"pg-1332-0\"  class=\"panel-grid panel-has-style\" ><div class=\"seccion-banner so-parallax siteorigin-panels-stretch panel-row-style panel-row-style-for-1332-0\" data-stretch-type=\"full\" ><img fetchpriority=\"high\" decoding=\"async\" width=\"1000\" height=\"1000\" src=\"https:\/\/academia.actua.org.mx\/wp-content\/uploads\/2018\/06\/agenda.png\" class=\"attachment-full size-full\" alt=\"\" data-siteorigin-parallax=\"true\" loading=\"eager\" srcset=\"https:\/\/academia.actua.org.mx\/wp-content\/uploads\/2018\/06\/agenda.png 1000w, https:\/\/academia.actua.org.mx\/wp-content\/uploads\/2018\/06\/agenda-150x150.png 150w, https:\/\/academia.actua.org.mx\/wp-content\/uploads\/2018\/06\/agenda-300x300.png 300w, https:\/\/academia.actua.org.mx\/wp-content\/uploads\/2018\/06\/agenda-768x768.png 768w, https:\/\/academia.actua.org.mx\/wp-content\/uploads\/2018\/06\/agenda-100x100.png 100w\" sizes=\"(max-width: 1000px) 100vw, 1000px\" \/><div id=\"pgc-1332-0-0\"  class=\"panel-grid-cell\" ><div id=\"panel-1332-0-0-0\" class=\"so-panel widget widget_sow-editor panel-first-child\" data-index=\"0\" ><div\n\t\t\t\n\t\t\tclass=\"so-widget-sow-editor so-widget-sow-editor-base\"\n\t\t\t\n\t\t>\n<div class=\"siteorigin-widget-tinymce textwidget\">\n\t<p><img loading=\"lazy\" decoding=\"async\" class=\"alignnone wp-image-1093 size-full\" src=\"http:\/\/academia.actua.org.mx\/wp-content\/uploads\/2018\/08\/icono-matrimonios.png\" alt=\"\" width=\"82\" height=\"84\" \/><\/p>\n<h1>Manejo Profesional de Agenda<\/h1>\n<h2 style=\"color: #002238; text-shadow: none;\">TALLER ONLINE<\/h2>\n<\/div>\n<\/div><\/div><div id=\"panel-1332-0-0-1\" class=\"widget_text so-panel widget widget_custom_html panel-last-child\" data-index=\"1\" ><div class=\"widget_text boton-compartir panel-widget-style panel-widget-style-for-1332-0-0-1\" ><div class=\"textwidget custom-html-widget\"><div class=\"fb-share-button\" data-href=\"http:\/\/academia.actua.org.mx\/index.php\/curso-de-matrimonios\/\" data-layout=\"button\" data-size=\"large\" data-mobile-iframe=\"true\"><a target=\"_blank\" href=\"https:\/\/www.facebook.com\/sharer\/sharer.php?u=http%3A%2F%2Facademia.actua.org.mx%2Findex.php%2Fcurso-de-matrimonios%2F&amp;src=sdkpreparse\" class=\"fb-xfbml-parse-ignore\" rel=\"noopener\">Compartir<\/a><\/div><\/div><\/div><\/div><\/div><\/div><\/div><div id=\"pg-1332-1\"  class=\"panel-grid panel-has-style\" ><div class=\"mobile-sidebar seccion-intro panel-row-style panel-row-style-for-1332-1\" ><div id=\"pgc-1332-1-0\"  class=\"panel-grid-cell\" ><div id=\"panel-1332-1-0-0\" class=\"so-panel widget widget_sow-image panel-first-child\" data-index=\"2\" ><div\n\t\t\t\n\t\t\tclass=\"so-widget-sow-image so-widget-sow-image-default-8b5b6f678277-1332\"\n\t\t\t\n\t\t>\n<div class=\"sow-image-container\">\n\t\t<img \n\tsrc=\"https:\/\/academia.actua.org.mx\/wp-content\/uploads\/2018\/08\/180813-Maru-javier.jpg\" width=\"800\" height=\"580\" srcset=\"https:\/\/academia.actua.org.mx\/wp-content\/uploads\/2018\/08\/180813-Maru-javier.jpg 800w, https:\/\/academia.actua.org.mx\/wp-content\/uploads\/2018\/08\/180813-Maru-javier-300x218.jpg 300w, https:\/\/academia.actua.org.mx\/wp-content\/uploads\/2018\/08\/180813-Maru-javier-768x557.jpg 768w\" sizes=\"(max-width: 800px) 100vw, 800px\" alt=\"\" \t\tclass=\"so-widget-image\"\/>\n\t<\/div>\n\n<\/div><\/div><div id=\"panel-1332-1-0-1\" class=\"so-panel widget widget_sow-editor panel-last-child\" data-index=\"3\" ><div class=\"bloque-ficha panel-widget-style panel-widget-style-for-1332-1-0-1\" ><div\n\t\t\t\n\t\t\tclass=\"so-widget-sow-editor so-widget-sow-editor-base\"\n\t\t\t\n\t\t>\n<div class=\"siteorigin-widget-tinymce textwidget\">\n\t<h2>Taller de Agenda<\/h2>\n<p><strong>Asesor:<\/strong><br \/>\nJavier Moreno Ocaranza<\/p>\n<div class=\"precio\"><span class=\"small\">GRATUITO<\/span><\/div>\n<div class=\"horario\">Iniciamos<br \/>\n<span style=\"color: #0064a2; margin: 0;\">S\u00e1bado 23 de enero<\/span><\/div>\n<div class=\"horario\"><img loading=\"lazy\" decoding=\"async\" class=\"alignnone size-full wp-image-79\" src=\"http:\/\/academia.actua.org.mx\/wp-content\/uploads\/2018\/06\/icon-inicio.png\" alt=\"\" width=\"41\" height=\"38\" \/>Domingos<br \/>\n10:00 am<\/div>\n<div class=\"horario\">Duraci\u00f3n: 4 horas<\/div>\n<\/div>\n<\/div><\/div><\/div><\/div><\/div><\/div><div id=\"pg-1332-2\"  class=\"panel-grid panel-has-style\" ><div class=\"seccion-intro siteorigin-panels-stretch panel-row-style panel-row-style-for-1332-2\" data-stretch-type=\"full\" ><div id=\"pgc-1332-2-0\"  class=\"panel-grid-cell\" ><div id=\"panel-1332-2-0-0\" class=\"so-panel widget widget_sow-editor panel-first-child\" data-index=\"4\" ><div class=\"bloque-inscribete bloque-destacado panel-widget-style panel-widget-style-for-1332-2-0-0\" id=\"inscribete\" ><div\n\t\t\t\n\t\t\tclass=\"so-widget-sow-editor so-widget-sow-editor-base\"\n\t\t\t\n\t\t>\n<div class=\"siteorigin-widget-tinymce textwidget\">\n\t<h2>Inscr\u00edbete ahora:<\/h2>\n<p>[contact-form-7 id=\"948\" title=\"Registro corto\"]<\/p>\n<\/div>\n<\/div><\/div><\/div><div id=\"panel-1332-2-0-1\" class=\"so-panel widget widget_sow-editor\" data-index=\"5\" ><div class=\"bloque-destacado bloque-lograr panel-widget-style panel-widget-style-for-1332-2-0-1\" ><div\n\t\t\t\n\t\t\tclass=\"so-widget-sow-editor so-widget-sow-editor-base\"\n\t\t\t\n\t\t>\n<div class=\"siteorigin-widget-tinymce textwidget\">\n\t<h2>Aprender\u00e1s:<\/h2>\n<p>Lorem ipsum dolor sit amet, consectetur adipiscing elit. Maecenas varius in felis vitae mattis. Nulla velit dolor, suscipit nec hendrerit sit amet, finibus sed leo.<\/p>\n<\/div>\n<\/div><\/div><\/div><div id=\"panel-1332-2-0-2\" class=\"so-panel widget widget_sow-editor\" data-index=\"6\" ><div class=\"bloque-destacado bloque-necesitas panel-widget-style panel-widget-style-for-1332-2-0-2\" ><div\n\t\t\t\n\t\t\tclass=\"so-widget-sow-editor so-widget-sow-editor-base\"\n\t\t\t\n\t\t>\n<div class=\"siteorigin-widget-tinymce textwidget\">\n\t<h2>Requisitos:<\/h2>\n<p>Lorem ipsum dolor sit amet, consectetur adipiscing elit.<\/p>\n<\/div>\n<\/div><\/div><\/div><div id=\"panel-1332-2-0-3\" class=\"so-panel widget widget_sow-editor\" data-index=\"7\" ><div class=\"bloque-destacado bloque-descripcion panel-widget-style panel-widget-style-for-1332-2-0-3\" ><div\n\t\t\t\n\t\t\tclass=\"so-widget-sow-editor so-widget-sow-editor-base\"\n\t\t\t\n\t\t>\n<div class=\"siteorigin-widget-tinymce textwidget\">\n\t<h2>Descripci\u00f3n:<\/h2>\n<p>Los temas del curso est\u00e1n orientados a:<\/p>\n<ul class=\"lista-paloma\">\n<li>Administraci\u00f3n del Tiempo<\/li>\n<\/ul>\n<p>Lorem ipsum dolor sit amet, consectetur adipiscing elit. Maecenas varius in felis vitae mattis. Nulla velit dolor, suscipit nec hendrerit sit amet, finibus sed leo. Sed eget tellus tristique, vehicula erat in, posuere lacus.<\/p>\n<\/div>\n<\/div><\/div><\/div><div id=\"panel-1332-2-0-4\" class=\"so-panel widget widget_sow-editor\" data-index=\"8\" ><div class=\"bloque-destacado bloque-metodologia panel-widget-style panel-widget-style-for-1332-2-0-4\" ><div\n\t\t\t\n\t\t\tclass=\"so-widget-sow-editor so-widget-sow-editor-base\"\n\t\t\t\n\t\t>\n<div class=\"siteorigin-widget-tinymce textwidget\">\n\t<h2>Programa del curso<\/h2>\n<p>\u2022 Administraci\u00f3n del tiempo<br \/>\n\u2022 C\u00f3mo priorizar<br \/>\n\u2022 Basado en valores y prop\u00f3sitos<br \/>\n\u2022 Mayor tiempo con la familia<br \/>\n\u2022 Mayor tiempo para nosotros<br \/>\n\u2022 Lista efectiva de pendientes<br \/>\n\u2022 C\u00f3mo manejar el master list<\/p>\n<\/div>\n<\/div><\/div><\/div><div id=\"panel-1332-2-0-5\" class=\"so-panel widget widget_sow-editor\" data-index=\"9\" ><div class=\"bloque-destacado bloque-metodologia panel-widget-style panel-widget-style-for-1332-2-0-5\" ><div\n\t\t\t\n\t\t\tclass=\"so-widget-sow-editor so-widget-sow-editor-base\"\n\t\t\t\n\t\t>\n<div class=\"siteorigin-widget-tinymce textwidget\">\n\t<h2>Lorem ipsum dolor sit amet<\/h2>\n<p>Consectetur adipiscing elit. Maecenas varius in felis vitae mattis. Nulla velit dolor, suscipit nec hendrerit sit amet, finibus sed leo. Sed eget tellus tristique, vehicula erat in, posuere lacus. Quisque ut ultrices dolor.<\/p>\n<\/div>\n<\/div><\/div><\/div><div id=\"panel-1332-2-0-6\" class=\"so-panel widget widget_sow-editor\" data-index=\"10\" ><div class=\"bloque-destacado bloque-dirigido panel-widget-style panel-widget-style-for-1332-2-0-6\" ><div\n\t\t\t\n\t\t\tclass=\"so-widget-sow-editor so-widget-sow-editor-base\"\n\t\t\t\n\t\t>\n<div class=\"siteorigin-widget-tinymce textwidget\">\n\t<h2>Lorem ipsum dolor sit amet, consectetur adipiscing elit. Maecenas varius in felis vitae mattis.<\/h2>\n<\/div>\n<\/div><\/div><\/div><div id=\"panel-1332-2-0-7\" class=\"so-panel widget widget_siteorigin-panels-builder\" data-index=\"11\" ><div class=\"bloque-profesor bloque-destacado panel-widget-style panel-widget-style-for-1332-2-0-7\" ><div id=\"pl-w5ffdefb7579c3\"  class=\"panel-layout\" ><div id=\"pg-w5ffdefb7579c3-0\"  class=\"panel-grid panel-no-style\" ><div id=\"pgc-w5ffdefb7579c3-0-0\"  class=\"panel-grid-cell\" ><div id=\"panel-w5ffdefb7579c3-0-0-0\" class=\"so-panel widget widget_sow-image panel-first-child\" data-index=\"0\" ><div\n\t\t\t\n\t\t\tclass=\"so-widget-sow-image so-widget-sow-image-default-c67d20f9f743\"\n\t\t\t\n\t\t>\n<div class=\"sow-image-container\">\n\t\t<img \n\tsrc=\"https:\/\/academia.actua.org.mx\/wp-content\/uploads\/2018\/08\/180813-Maru-javier1.jpg\" width=\"580\" height=\"580\" srcset=\"https:\/\/academia.actua.org.mx\/wp-content\/uploads\/2018\/08\/180813-Maru-javier1.jpg 580w, https:\/\/academia.actua.org.mx\/wp-content\/uploads\/2018\/08\/180813-Maru-javier1-150x150.jpg 150w, https:\/\/academia.actua.org.mx\/wp-content\/uploads\/2018\/08\/180813-Maru-javier1-300x300.jpg 300w, https:\/\/academia.actua.org.mx\/wp-content\/uploads\/2018\/08\/180813-Maru-javier1-100x100.jpg 100w\" sizes=\"(max-width: 580px) 100vw, 580px\" alt=\"\" \t\tclass=\"so-widget-image\"\/>\n\t<\/div>\n\n<\/div><\/div><div id=\"panel-w5ffdefb7579c3-0-0-1\" class=\"so-panel widget widget_sow-editor panel-last-child\" data-index=\"1\" ><div\n\t\t\t\n\t\t\tclass=\"so-widget-sow-editor so-widget-sow-editor-base\"\n\t\t\t\n\t\t>\n<div class=\"siteorigin-widget-tinymce textwidget\">\n\t<p><strong>Asesor:<\/strong><\/p>\n<p style=\"font-size: .8em;\">Javier Moreno Ocaranza<\/p>\n<\/div>\n<\/div><\/div><\/div><div id=\"pgc-w5ffdefb7579c3-0-1\"  class=\"panel-grid-cell\" ><div id=\"panel-w5ffdefb7579c3-0-1-0\" class=\"so-panel widget widget_sow-editor panel-first-child\" data-index=\"2\" ><div\n\t\t\t\n\t\t\tclass=\"so-widget-sow-editor so-widget-sow-editor-base\"\n\t\t\t\n\t\t>\n<div class=\"siteorigin-widget-tinymce textwidget\">\n\t<ul>\n<li>Javier Lorem ipsum dolor sit amet, consectetur adipiscing elit. Maecenas varius in felis vitae mattis. Nulla velit dolor, suscipit nec hendrerit sit amet, finibus sed leo.<\/li>\n<\/ul>\n<\/div>\n<\/div><\/div><div id=\"panel-w5ffdefb7579c3-0-1-1\" class=\"so-panel widget widget_sow-editor panel-last-child\" data-index=\"3\" ><div\n\t\t\t\n\t\t\tclass=\"so-widget-sow-editor so-widget-sow-editor-base\"\n\t\t\t\n\t\t>\n<div class=\"siteorigin-widget-tinymce textwidget\">\n\t<div class=\"horario\" style=\"font-weight: bold;\">Iniciamos<br \/>\n<span style=\"color: #0064a2; margin: 0;\">S\u00e1bado 23 de enero<\/span><\/div>\n<p><a class=\"btn\" href=\"#inscribete\">Inscr\u00edbete<\/a><\/p>\n<\/div>\n<\/div><\/div><\/div><\/div><\/div><\/div><\/div><div id=\"panel-1332-2-0-8\" class=\"so-panel widget widget_sow-accordion panel-last-child\" data-index=\"12\" ><div class=\"bloque-destacado bloque-faqs panel-widget-style panel-widget-style-for-1332-2-0-8\" ><div\n\t\t\t\n\t\t\tclass=\"so-widget-sow-accordion so-widget-sow-accordion-default-99be652ed941-1332\"\n\t\t\t\n\t\t><h3 class=\"widget-title\">Faq's<\/h3><div>\n\t<div class=\"sow-accordion\">\n\t\t\t<div class=\"sow-accordion-panel\n\t\t sow-accordion-panel-open\t\t\t\"\n\t\t\t\tdata-anchor-id=\"que-es-equipos-actua-a-c\">\n\t\t\t\t\t<div class=\"sow-accordion-panel-header-container\" role=\"heading\" aria-level=\"2\">\n\t\t\t\t\t<div class=\"sow-accordion-panel-header\" tabindex=\"0\" role=\"button\" id=\"accordion-label-%c2%bfqu%c3%a9-es-equipos-act%c3%baa-a-c\" aria-controls=\"accordion-content-%c2%bfqu%c3%a9-es-equipos-act%c3%baa-a-c\" aria-expanded=\"true\">\n\t\t\t\t\t\t<div class=\"sow-accordion-title sow-accordion-title-icon-left\">\n\t\t\t\t\t\t\t\t\t\t\t\t\t\t\u00bfQu\u00e9 es Equipos Act\u00faa A.C.?\t\t\t\t\t\t\t\t\t\t\t\t\t<\/div>\n\t\t\t\t\t\t<div class=\"sow-accordion-open-close-button\">\n\t\t\t\t\t\t\t<div class=\"sow-accordion-open-button\">\n\t\t\t\t\t\t\t\t<span class=\"sow-icon-ionicons\" data-sow-icon=\"&#xf218;\"\n\t\t \n\t\taria-hidden=\"true\"><\/span>\t\t\t\t\t\t\t<\/div>\n\t\t\t\t\t\t\t<div class=\"sow-accordion-close-button\">\n\t\t\t\t\t\t\t\t<span class=\"sow-icon-ionicons\" data-sow-icon=\"&#xf209;\"\n\t\t \n\t\taria-hidden=\"true\"><\/span>\t\t\t\t\t\t\t<\/div>\n\t\t\t\t\t\t<\/div>\n\t\t\t\t\t<\/div>\n\t\t\t\t<\/div>\n\n\t\t\t<div\n\t\t\t\tclass=\"sow-accordion-panel-content\"\n\t\t\t\trole=\"region\"\n\t\t\t\taria-labelledby=\"accordion-label-%c2%bfqu%c3%a9-es-equipos-act%c3%baa-a-c\"\n\t\t\t\tid=\"accordion-content-%c2%bfqu%c3%a9-es-equipos-act%c3%baa-a-c\"\n\t\t\t\t\t\t\t>\n\t\t\t\t<div class=\"sow-accordion-panel-border\">\n\t\t\t\t\t<p>Equipos Act\u00faa A.C. es una instituci\u00f3n sin fines de lucro que pretende facultar a las personas para exponer lo mejor de ellas. Creemos que cada persona tiene un prop\u00f3sito para aportar a la sociedad, por lo cual promovemos la b\u00fasqueda intensa de ese prop\u00f3sito y la capacitaci\u00f3n para lograrlo.<\/p>\n\t\t\t\t<\/div>\n\t\t\t<\/div>\n\t\t<\/div>\n\t\t\t<div class=\"sow-accordion-panel\n\t\t\t\t\t\"\n\t\t\t\tdata-anchor-id=\"por-que-sus-tarifas-accesibles\">\n\t\t\t\t\t<div class=\"sow-accordion-panel-header-container\" role=\"heading\" aria-level=\"2\">\n\t\t\t\t\t<div class=\"sow-accordion-panel-header\" tabindex=\"0\" role=\"button\" id=\"accordion-label-%c2%bfpor-qu%c3%a9-sus-tarifas-accesibles\" aria-controls=\"accordion-content-%c2%bfpor-qu%c3%a9-sus-tarifas-accesibles\" aria-expanded=\"false\">\n\t\t\t\t\t\t<div class=\"sow-accordion-title sow-accordion-title-icon-left\">\n\t\t\t\t\t\t\t\t\t\t\t\t\t\t\u00bfPor qu\u00e9 sus tarifas accesibles?\t\t\t\t\t\t\t\t\t\t\t\t\t<\/div>\n\t\t\t\t\t\t<div class=\"sow-accordion-open-close-button\">\n\t\t\t\t\t\t\t<div class=\"sow-accordion-open-button\">\n\t\t\t\t\t\t\t\t<span class=\"sow-icon-ionicons\" data-sow-icon=\"&#xf218;\"\n\t\t \n\t\taria-hidden=\"true\"><\/span>\t\t\t\t\t\t\t<\/div>\n\t\t\t\t\t\t\t<div class=\"sow-accordion-close-button\">\n\t\t\t\t\t\t\t\t<span class=\"sow-icon-ionicons\" data-sow-icon=\"&#xf209;\"\n\t\t \n\t\taria-hidden=\"true\"><\/span>\t\t\t\t\t\t\t<\/div>\n\t\t\t\t\t\t<\/div>\n\t\t\t\t\t<\/div>\n\t\t\t\t<\/div>\n\n\t\t\t<div\n\t\t\t\tclass=\"sow-accordion-panel-content\"\n\t\t\t\trole=\"region\"\n\t\t\t\taria-labelledby=\"accordion-label-%c2%bfpor-qu%c3%a9-sus-tarifas-accesibles\"\n\t\t\t\tid=\"accordion-content-%c2%bfpor-qu%c3%a9-sus-tarifas-accesibles\"\n\t\t\t\tstyle=\"display: none;\"\t\t\t>\n\t\t\t\t<div class=\"sow-accordion-panel-border\">\n\t\t\t\t\t<p>Al ser una Asociaci\u00f3n sin fines de lucro, se pretende ser accesibles solicitando un donativo que nos permita pagar nuestros gastos operativos y que las personas puedan beneficiarse con cualquiera de nuestros cursos y talleres a costos muy accesibles.<\/p>\n\t\t\t\t<\/div>\n\t\t\t<\/div>\n\t\t<\/div>\n\t\t\t<div class=\"sow-accordion-panel\n\t\t\t\t\t\"\n\t\t\t\tdata-anchor-id=\"que-valores-mueven-a-equipos-actua\">\n\t\t\t\t\t<div class=\"sow-accordion-panel-header-container\" role=\"heading\" aria-level=\"2\">\n\t\t\t\t\t<div class=\"sow-accordion-panel-header\" tabindex=\"0\" role=\"button\" id=\"accordion-label-%c2%bfqu%c3%a9-valores-mueven-a-equipos-act%c3%baa\" aria-controls=\"accordion-content-%c2%bfqu%c3%a9-valores-mueven-a-equipos-act%c3%baa\" aria-expanded=\"false\">\n\t\t\t\t\t\t<div class=\"sow-accordion-title sow-accordion-title-icon-left\">\n\t\t\t\t\t\t\t\t\t\t\t\t\t\t\u00bfQu\u00e9 valores mueven a Equipos Act\u00faa?\t\t\t\t\t\t\t\t\t\t\t\t\t<\/div>\n\t\t\t\t\t\t<div class=\"sow-accordion-open-close-button\">\n\t\t\t\t\t\t\t<div class=\"sow-accordion-open-button\">\n\t\t\t\t\t\t\t\t<span class=\"sow-icon-ionicons\" data-sow-icon=\"&#xf218;\"\n\t\t \n\t\taria-hidden=\"true\"><\/span>\t\t\t\t\t\t\t<\/div>\n\t\t\t\t\t\t\t<div class=\"sow-accordion-close-button\">\n\t\t\t\t\t\t\t\t<span class=\"sow-icon-ionicons\" data-sow-icon=\"&#xf209;\"\n\t\t \n\t\taria-hidden=\"true\"><\/span>\t\t\t\t\t\t\t<\/div>\n\t\t\t\t\t\t<\/div>\n\t\t\t\t\t<\/div>\n\t\t\t\t<\/div>\n\n\t\t\t<div\n\t\t\t\tclass=\"sow-accordion-panel-content\"\n\t\t\t\trole=\"region\"\n\t\t\t\taria-labelledby=\"accordion-label-%c2%bfqu%c3%a9-valores-mueven-a-equipos-act%c3%baa\"\n\t\t\t\tid=\"accordion-content-%c2%bfqu%c3%a9-valores-mueven-a-equipos-act%c3%baa\"\n\t\t\t\tstyle=\"display: none;\"\t\t\t>\n\t\t\t\t<div class=\"sow-accordion-panel-border\">\n\t\t\t\t\t<p>Nuestra instituci\u00f3n promueve principios y valores universales para ense\u00f1ar a las personas a edificar sus vidas y proyectos en dichos principios y as\u00ed tener una transformaci\u00f3n personal, familiar y social.<\/p>\n\t\t\t\t<\/div>\n\t\t\t<\/div>\n\t\t<\/div>\n\t\t<\/div>\n<\/div>\n<\/div><\/div><\/div><\/div><div id=\"pgc-1332-2-1\"  class=\"panel-grid-cell\" ><div id=\"panel-1332-2-1-0\" class=\"so-panel widget widget_sow-image panel-first-child\" data-index=\"13\" ><div\n\t\t\t\n\t\t\tclass=\"so-widget-sow-image so-widget-sow-image-default-8b5b6f678277-1332\"\n\t\t\t\n\t\t>\n<div class=\"sow-image-container\">\n\t\t<img \n\tsrc=\"https:\/\/academia.actua.org.mx\/wp-content\/uploads\/2018\/08\/180813-Maru-javier.jpg\" width=\"800\" height=\"580\" srcset=\"https:\/\/academia.actua.org.mx\/wp-content\/uploads\/2018\/08\/180813-Maru-javier.jpg 800w, https:\/\/academia.actua.org.mx\/wp-content\/uploads\/2018\/08\/180813-Maru-javier-300x218.jpg 300w, https:\/\/academia.actua.org.mx\/wp-content\/uploads\/2018\/08\/180813-Maru-javier-768x557.jpg 768w\" sizes=\"(max-width: 800px) 100vw, 800px\" alt=\"\" \t\tclass=\"so-widget-image\"\/>\n\t<\/div>\n\n<\/div><\/div><div id=\"panel-1332-2-1-1\" class=\"so-panel widget widget_sow-editor panel-last-child\" data-index=\"14\" ><div class=\"bloque-ficha panel-widget-style panel-widget-style-for-1332-2-1-1\" ><div\n\t\t\t\n\t\t\tclass=\"so-widget-sow-editor so-widget-sow-editor-base\"\n\t\t\t\n\t\t>\n<div class=\"siteorigin-widget-tinymce textwidget\">\n\t<h2>Taller de Agenda<\/h2>\n<p><strong>Asesor:<\/strong><br \/>\nJavier Moreno Ocaranza<\/p>\n<div class=\"precio\"><span class=\"small\">GRATUITO<\/span><\/div>\n<div class=\"horario\">Iniciamos<br \/>\n<span style=\"color: #0064a2; margin: 0;\">S\u00e1bado 23 de enero<\/span><\/div>\n<div class=\"horario\"><img loading=\"lazy\" decoding=\"async\" class=\"alignnone size-full wp-image-79\" src=\"http:\/\/academia.actua.org.mx\/wp-content\/uploads\/2018\/06\/icon-inicio.png\" alt=\"\" width=\"41\" height=\"38\" \/>\u00a0S\u00e1bado 23 de enero<br \/>\n10:00 am - V\u00eda Zoom<\/div>\n<div class=\"horario\">Duraci\u00f3n: 4 horas<\/div>\n<p><a class=\"btn\" href=\"#inscribete\">Inscr\u00edbete<\/a><\/p>\n<\/div>\n<\/div><\/div><\/div><\/div><\/div><\/div><div id=\"pg-1332-3\"  class=\"panel-grid panel-has-style\" ><div class=\"seccion-registro so-parallax siteorigin-panels-stretch panel-row-style panel-row-style-for-1332-3\" data-stretch-type=\"full\" ><img decoding=\"async\" width=\"1920\" height=\"1080\" src=\"https:\/\/academia.actua.org.mx\/wp-content\/uploads\/2018\/06\/bg-agenda.jpg\" class=\"attachment-full size-full\" alt=\"\" data-siteorigin-parallax=\"true\" loading=\"eager\" srcset=\"https:\/\/academia.actua.org.mx\/wp-content\/uploads\/2018\/06\/bg-agenda.jpg 1920w, https:\/\/academia.actua.org.mx\/wp-content\/uploads\/2018\/06\/bg-agenda-300x169.jpg 300w, https:\/\/academia.actua.org.mx\/wp-content\/uploads\/2018\/06\/bg-agenda-768x432.jpg 768w, https:\/\/academia.actua.org.mx\/wp-content\/uploads\/2018\/06\/bg-agenda-1024x576.jpg 1024w\" sizes=\"(max-width: 1920px) 100vw, 1920px\" \/><div id=\"pgc-1332-3-0\"  class=\"panel-grid-cell\" ><div id=\"panel-1332-3-0-0\" class=\"so-panel widget widget_sow-editor panel-first-child panel-last-child\" data-index=\"15\" ><div class=\"bloque-informes panel-widget-style panel-widget-style-for-1332-3-0-0\" ><div\n\t\t\t\n\t\t\tclass=\"so-widget-sow-editor so-widget-sow-editor-base\"\n\t\t\t\n\t\t>\n<div class=\"siteorigin-widget-tinymce textwidget\">\n\t<h3>INFORMES<\/h3>\n<p>Tel.\u00a06 02 13 24<\/p>\n<p><b>Rub\u00ed Pantoja<br \/>\n<\/b>Asesora Acad\u00e9mica<br \/>\n<span style=\"font-size: 1rem;\">rubi@actua.org.mx<\/span><\/p>\n<\/div>\n<\/div><\/div><\/div><\/div><div id=\"pgc-1332-3-1\"  class=\"panel-grid-cell panel-grid-cell-empty panel-grid-cell-mobile-last\" ><\/div><div id=\"pgc-1332-3-2\"  class=\"panel-grid-cell panel-grid-cell-empty\" ><\/div><\/div><\/div><\/div>","protected":false},"excerpt":{"rendered":"<p>Manejo Profesional de Agenda TALLER ONLINE Taller de Agenda Asesor: Javier Moreno Ocaranza GRATUITO Iniciamos S\u00e1bado 23 de enero Domingos 10:00 am Duraci\u00f3n: 4 horas<\/p>\n","protected":false},"author":1,"featured_media":0,"parent":0,"menu_order":0,"comment_status":"closed","ping_status":"closed","template":"","meta":{"footnotes":""},"class_list":["post-1332","page","type-page","status-publish","hentry"],"_links":{"self":[{"href":"https:\/\/academia.actua.org.mx\/index.php\/wp-json\/wp\/v2\/pages\/1332"}],"collection":[{"href":"https:\/\/academia.actua.org.mx\/index.php\/wp-json\/wp\/v2\/pages"}],"about":[{"href":"https:\/\/academia.actua.org.mx\/index.php\/wp-json\/wp\/v2\/types\/page"}],"author":[{"embeddable":true,"href":"https:\/\/academia.actua.org.mx\/index.php\/wp-json\/wp\/v2\/users\/1"}],"replies":[{"embeddable":true,"href":"https:\/\/academia.actua.org.mx\/index.php\/wp-json\/wp\/v2\/comments?post=1332"}],"version-history":[{"count":11,"href":"https:\/\/academia.actua.org.mx\/index.php\/wp-json\/wp\/v2\/pages\/1332\/revisions"}],"predecessor-version":[{"id":1350,"href":"https:\/\/academia.actua.org.mx\/index.php\/wp-json\/wp\/v2\/pages\/1332\/revisions\/1350"}],"wp:attachment":[{"href":"https:\/\/academia.actua.org.mx\/index.php\/wp-json\/wp\/v2\/media?parent=1332"}],"curies":[{"name":"wp","href":"https:\/\/api.w.org\/{rel}","templated":true}]}}