{"id":1074,"date":"2018-08-11T16:31:49","date_gmt":"2018-08-11T16:31:49","guid":{"rendered":"http:\/\/academia.actua.org.mx\/?page_id=1074"},"modified":"2021-01-13T04:05:21","modified_gmt":"2021-01-13T04:05:21","slug":"curso-de-matrimonios","status":"publish","type":"page","link":"https:\/\/academia.actua.org.mx\/index.php\/curso-de-matrimonios\/","title":{"rendered":"Curso de matrimonios"},"content":{"rendered":"<div id=\"pl-1074\"  class=\"panel-layout\" ><div id=\"pg-1074-0\"  class=\"panel-grid panel-has-style\" ><div class=\"seccion-banner so-parallax siteorigin-panels-stretch panel-row-style panel-row-style-for-1074-0\" data-stretch-type=\"full\" ><img fetchpriority=\"high\" decoding=\"async\" width=\"940\" height=\"622\" src=\"https:\/\/academia.actua.org.mx\/wp-content\/uploads\/2021\/01\/banner-matrimonios.png\" class=\"attachment-full size-full\" alt=\"\" data-siteorigin-parallax=\"true\" loading=\"eager\" srcset=\"https:\/\/academia.actua.org.mx\/wp-content\/uploads\/2021\/01\/banner-matrimonios.png 940w, https:\/\/academia.actua.org.mx\/wp-content\/uploads\/2021\/01\/banner-matrimonios-300x199.png 300w, https:\/\/academia.actua.org.mx\/wp-content\/uploads\/2021\/01\/banner-matrimonios-768x508.png 768w\" sizes=\"(max-width: 940px) 100vw, 940px\" \/><div id=\"pgc-1074-0-0\"  class=\"panel-grid-cell\" ><div id=\"panel-1074-0-0-0\" class=\"so-panel widget widget_sow-editor panel-first-child\" data-index=\"0\" ><div\n\t\t\t\n\t\t\tclass=\"so-widget-sow-editor so-widget-sow-editor-base\"\n\t\t\t\n\t\t>\n<div class=\"siteorigin-widget-tinymce textwidget\">\n\t<p><img loading=\"lazy\" decoding=\"async\" class=\"alignnone wp-image-1093 size-full\" src=\"http:\/\/academia.actua.org.mx\/wp-content\/uploads\/2018\/08\/icono-matrimonios.png\" alt=\"\" width=\"82\" height=\"84\" \/><\/p>\n<h1>Matrimonios que duran<br \/>\ntoda la vida<\/h1>\n<h2 style=\"color: #f5f5f5; text-shadow: none;\">CURSO ONLINE<\/h2>\n<\/div>\n<\/div><\/div><div id=\"panel-1074-0-0-1\" class=\"widget_text so-panel widget widget_custom_html panel-last-child\" data-index=\"1\" ><div class=\"widget_text boton-compartir panel-widget-style panel-widget-style-for-1074-0-0-1\" ><div class=\"textwidget custom-html-widget\"><div class=\"fb-share-button\" data-href=\"http:\/\/academia.actua.org.mx\/index.php\/curso-de-matrimonios\/\" data-layout=\"button\" data-size=\"large\" data-mobile-iframe=\"true\"><a target=\"_blank\" href=\"https:\/\/www.facebook.com\/sharer\/sharer.php?u=http%3A%2F%2Facademia.actua.org.mx%2Findex.php%2Fcurso-de-matrimonios%2F&amp;src=sdkpreparse\" class=\"fb-xfbml-parse-ignore\" rel=\"noopener\">Compartir<\/a><\/div><\/div><\/div><\/div><\/div><\/div><\/div><div id=\"pg-1074-1\"  class=\"panel-grid panel-has-style\" ><div class=\"mobile-sidebar seccion-intro panel-row-style panel-row-style-for-1074-1\" ><div id=\"pgc-1074-1-0\"  class=\"panel-grid-cell\" ><div id=\"panel-1074-1-0-0\" class=\"so-panel widget widget_sow-image panel-first-child\" data-index=\"2\" ><div\n\t\t\t\n\t\t\tclass=\"so-widget-sow-image so-widget-sow-image-default-8b5b6f678277-1074\"\n\t\t\t\n\t\t>\n<div class=\"sow-image-container\">\n\t\t<img \n\tsrc=\"https:\/\/academia.actua.org.mx\/wp-content\/uploads\/2018\/08\/180813-Maru-javier.jpg\" width=\"800\" height=\"580\" srcset=\"https:\/\/academia.actua.org.mx\/wp-content\/uploads\/2018\/08\/180813-Maru-javier.jpg 800w, https:\/\/academia.actua.org.mx\/wp-content\/uploads\/2018\/08\/180813-Maru-javier-300x218.jpg 300w, https:\/\/academia.actua.org.mx\/wp-content\/uploads\/2018\/08\/180813-Maru-javier-768x557.jpg 768w\" sizes=\"(max-width: 800px) 100vw, 800px\" alt=\"\" \t\tclass=\"so-widget-image\"\/>\n\t<\/div>\n\n<\/div><\/div><div id=\"panel-1074-1-0-1\" class=\"so-panel widget widget_sow-editor panel-last-child\" data-index=\"3\" ><div class=\"bloque-ficha panel-widget-style panel-widget-style-for-1074-1-0-1\" ><div\n\t\t\t\n\t\t\tclass=\"so-widget-sow-editor so-widget-sow-editor-base\"\n\t\t\t\n\t\t>\n<div class=\"siteorigin-widget-tinymce textwidget\">\n\t<h2>Curso de matrimonios<\/h2>\n<p><strong>Asesores:<\/strong><br \/>\nMar\u00eda Eugenia Flores<br \/>\nJavier Moreno Ocaranza<\/p>\n<div class=\"precio\"><span class=\"small\"><a href=\"http:\/\/paypal.me\/equiposactua\" style=\"color:#fff;\" target=\"_blank\">DONATIVO VOLUNTARIO CON PAYPAL<\/a><\/span><\/div>\n<div class=\"horario\">Iniciamos<br \/>\n<span style=\"color: #0064a2; margin: 0;\">Jueves 14 de enero<\/span><\/div>\n<div class=\"horario\"><img loading=\"lazy\" decoding=\"async\" class=\"alignnone size-full wp-image-79\" src=\"http:\/\/academia.actua.org.mx\/wp-content\/uploads\/2018\/06\/icon-inicio.png\" alt=\"\" width=\"41\" height=\"38\" \/>Jueves<br \/>\n8:00 a 9:00 pm - V\u00eda Zoom<\/div>\n<div class=\"horario\">Duraci\u00f3n: 11 sesiones<\/div>\n<p><a class=\"btn\" href=\"#inscribete\">Inscr\u00edbete<\/a><\/p>\n<\/div>\n<\/div><\/div><\/div><\/div><\/div><\/div><div id=\"pg-1074-2\"  class=\"panel-grid panel-has-style\" ><div class=\"seccion-intro siteorigin-panels-stretch panel-row-style panel-row-style-for-1074-2\" data-stretch-type=\"full\" ><div id=\"pgc-1074-2-0\"  class=\"panel-grid-cell\" ><div id=\"panel-1074-2-0-0\" class=\"so-panel widget widget_sow-editor panel-first-child\" data-index=\"4\" ><div class=\"bloque-inscribete bloque-destacado panel-widget-style panel-widget-style-for-1074-2-0-0\" id=\"inscribete\" ><div\n\t\t\t\n\t\t\tclass=\"so-widget-sow-editor so-widget-sow-editor-base\"\n\t\t\t\n\t\t>\n<div class=\"siteorigin-widget-tinymce textwidget\">\n\t<h2>Inscr\u00edbete ahora:<\/h2>\n<p>[contact-form-7 id=\"948\" title=\"Registro corto\"]<\/p>\n<\/div>\n<\/div><\/div><\/div><div id=\"panel-1074-2-0-1\" class=\"so-panel widget widget_sow-editor\" data-index=\"5\" ><div class=\"bloque-destacado bloque-lograr panel-widget-style panel-widget-style-for-1074-2-0-1\" ><div\n\t\t\t\n\t\t\tclass=\"so-widget-sow-editor so-widget-sow-editor-base\"\n\t\t\t\n\t\t>\n<div class=\"siteorigin-widget-tinymce textwidget\">\n\t<h2>Aprender\u00e1s:<\/h2>\n<p>Al finalizar el curso los participantes obtendr\u00e1n las herramientas necesarias para analizar su situaci\u00f3n matrimonial y hacer los ajustes que fortalezcan su matrimonio.<\/p>\n<\/div>\n<\/div><\/div><\/div><div id=\"panel-1074-2-0-2\" class=\"so-panel widget widget_sow-editor\" data-index=\"6\" ><div class=\"bloque-destacado bloque-necesitas panel-widget-style panel-widget-style-for-1074-2-0-2\" ><div\n\t\t\t\n\t\t\tclass=\"so-widget-sow-editor so-widget-sow-editor-base\"\n\t\t\t\n\t\t>\n<div class=\"siteorigin-widget-tinymce textwidget\">\n\t<h2>Requisitos:<\/h2>\n<p>Disposici\u00f3n para analizar y tomar decisiones.<\/p>\n<\/div>\n<\/div><\/div><\/div><div id=\"panel-1074-2-0-3\" class=\"so-panel widget widget_sow-editor\" data-index=\"7\" ><div class=\"bloque-destacado bloque-descripcion panel-widget-style panel-widget-style-for-1074-2-0-3\" ><div\n\t\t\t\n\t\t\tclass=\"so-widget-sow-editor so-widget-sow-editor-base\"\n\t\t\t\n\t\t>\n<div class=\"siteorigin-widget-tinymce textwidget\">\n\t<h2>Descripci\u00f3n:<\/h2>\n<p>Los temas del curso est\u00e1n orientados a: <\/p>\n<ul class=\"lista-paloma\">\n<li>La autoevaluaci\u00f3n de la situaci\u00f3n matrimonial<\/li>\n<li>Encontrar las cosas que debilitan el matrimonio para replantear el camino<\/li>\n<li>As\u00ed como las cosas que fortalecen el matrimonio para afianzarlas con mayor empe\u00f1o<\/li>\n<\/ul>\n<p>Todo el curso est\u00e1 basado en principios universales b\u00edblicos, sin tocar temas religiosos, los fundamentos se pueden poner en pr\u00e1ctica todos los d\u00edas en favor del matrimonio. Respetamos las creencias religiosas de cada pareja, lo que promovemos es la puesta en pr\u00e1ctica de dichos principios universales.<\/p>\n<\/div>\n<\/div><\/div><\/div><div id=\"panel-1074-2-0-4\" class=\"so-panel widget widget_sow-editor\" data-index=\"8\" ><div class=\"bloque-destacado bloque-metodologia panel-widget-style panel-widget-style-for-1074-2-0-4\" ><div\n\t\t\t\n\t\t\tclass=\"so-widget-sow-editor so-widget-sow-editor-base\"\n\t\t\t\n\t\t>\n<div class=\"siteorigin-widget-tinymce textwidget\">\n\t<h2>Programa del curso<\/h2>\n<p>\u2022\tCuatro fortalezas de conceptos b\u00edblicos<br \/>\n\u2022\tCortando el cord\u00f3n umbilical<br \/>\n\u2022\tUno m\u00e1s uno igual a uno<br \/>\n\u2022\tEl prop\u00f3sito del matrimonio<br \/>\n\u2022\tManejo de conflictos<br \/>\n\u2022\tDiferencias entre hombres y mujeres<br \/>\n\u2022\tLas funciones<br \/>\n\u2022\tRelaciones \u00edntimas<br \/>\n\u2022\tProtecci\u00f3n contra los estragos del adulterio<br \/>\n\u2022\tPrincipios acerca del dinero y talentos<\/p>\n<\/div>\n<\/div><\/div><\/div><div id=\"panel-1074-2-0-5\" class=\"so-panel widget widget_sow-editor\" data-index=\"9\" ><div class=\"bloque-destacado bloque-metodologia panel-widget-style panel-widget-style-for-1074-2-0-5\" ><div\n\t\t\t\n\t\t\tclass=\"so-widget-sow-editor so-widget-sow-editor-base\"\n\t\t\t\n\t\t>\n<div class=\"siteorigin-widget-tinymce textwidget\">\n\t<h2>Sesiones de restauraci\u00f3n<\/h2>\n<p>Para quienes lo soliciten, se programan sesiones de restauraci\u00f3n matrimonial. Los consejeros que orquestan estas sesiones cuentan con m\u00e1s de 15 a\u00f1os en asesor\u00eda matrimonial.<\/p>\n<\/div>\n<\/div><\/div><\/div><div id=\"panel-1074-2-0-6\" class=\"so-panel widget widget_sow-editor\" data-index=\"10\" ><div class=\"bloque-destacado bloque-dirigido panel-widget-style panel-widget-style-for-1074-2-0-6\" ><div\n\t\t\t\n\t\t\tclass=\"so-widget-sow-editor so-widget-sow-editor-base\"\n\t\t\t\n\t\t>\n<div class=\"siteorigin-widget-tinymce textwidget\">\n\t<h2>Dirigido a parejas que quieran tener un matrimonio duradero y estable<br \/>\n<\/h2>\n<\/div>\n<\/div><\/div><\/div><div id=\"panel-1074-2-0-7\" class=\"so-panel widget widget_siteorigin-panels-builder\" data-index=\"11\" ><div class=\"bloque-profesor bloque-destacado panel-widget-style panel-widget-style-for-1074-2-0-7\" ><div id=\"pl-w5ffde12420e34\"  class=\"panel-layout\" ><div id=\"pg-w5ffde12420e34-0\"  class=\"panel-grid panel-no-style\" ><div id=\"pgc-w5ffde12420e34-0-0\"  class=\"panel-grid-cell\" ><div id=\"panel-w5ffde12420e34-0-0-0\" class=\"so-panel widget widget_sow-image panel-first-child\" data-index=\"0\" ><div\n\t\t\t\n\t\t\tclass=\"so-widget-sow-image so-widget-sow-image-default-c67d20f9f743\"\n\t\t\t\n\t\t>\n<div class=\"sow-image-container\">\n\t\t<img \n\tsrc=\"https:\/\/academia.actua.org.mx\/wp-content\/uploads\/2018\/08\/180813-Maru-javier1.jpg\" width=\"580\" height=\"580\" srcset=\"https:\/\/academia.actua.org.mx\/wp-content\/uploads\/2018\/08\/180813-Maru-javier1.jpg 580w, https:\/\/academia.actua.org.mx\/wp-content\/uploads\/2018\/08\/180813-Maru-javier1-150x150.jpg 150w, https:\/\/academia.actua.org.mx\/wp-content\/uploads\/2018\/08\/180813-Maru-javier1-300x300.jpg 300w, https:\/\/academia.actua.org.mx\/wp-content\/uploads\/2018\/08\/180813-Maru-javier1-100x100.jpg 100w\" sizes=\"(max-width: 580px) 100vw, 580px\" alt=\"\" \t\tclass=\"so-widget-image\"\/>\n\t<\/div>\n\n<\/div><\/div><div id=\"panel-w5ffde12420e34-0-0-1\" class=\"so-panel widget widget_sow-editor panel-last-child\" data-index=\"1\" ><div\n\t\t\t\n\t\t\tclass=\"so-widget-sow-editor so-widget-sow-editor-base\"\n\t\t\t\n\t\t>\n<div class=\"siteorigin-widget-tinymce textwidget\">\n\t<p><strong>Asesores:<\/strong><\/p>\n<p style=\"font-size: .8em;\">\nMar\u00eda Eugenia Flores<br \/>\nJavier Moreno Ocaranza<\/p>\n<\/div>\n<\/div><\/div><\/div><div id=\"pgc-w5ffde12420e34-0-1\"  class=\"panel-grid-cell\" ><div id=\"panel-w5ffde12420e34-0-1-0\" class=\"so-panel widget widget_sow-editor panel-first-child\" data-index=\"2\" ><div\n\t\t\t\n\t\t\tclass=\"so-widget-sow-editor so-widget-sow-editor-base\"\n\t\t\t\n\t\t>\n<div class=\"siteorigin-widget-tinymce textwidget\">\n\t<ul>\n<li>Javier y Maru llevan 30 a\u00f1os de casados, tienen dos hijos y radican en la ciudad de Puebla.<\/li>\n<li>Cuentan con m\u00e1s de 15 a\u00f1os aconsejando matrimonios. Tienen s\u00f3lida experiencia en sanidad interior y restauraci\u00f3n familiar.<\/li>\n<\/ul>\n<\/div>\n<\/div><\/div><div id=\"panel-w5ffde12420e34-0-1-1\" class=\"so-panel widget widget_sow-editor panel-last-child\" data-index=\"3\" ><div\n\t\t\t\n\t\t\tclass=\"so-widget-sow-editor so-widget-sow-editor-base\"\n\t\t\t\n\t\t>\n<div class=\"siteorigin-widget-tinymce textwidget\">\n\t<div class=\"horario\" style=\"font-weight: bold;\">Iniciamos<br \/>\n<span style=\"color: #0064a2; margin: 0;\">Jueves 14 de enero<\/span><\/div>\n<p><a class=\"btn\" href=\"#inscribete\">Inscr\u00edbete<\/a><\/p>\n<\/div>\n<\/div><\/div><\/div><\/div><\/div><\/div><\/div><div id=\"panel-1074-2-0-8\" class=\"so-panel widget widget_sow-accordion panel-last-child\" data-index=\"12\" ><div class=\"bloque-destacado bloque-faqs panel-widget-style panel-widget-style-for-1074-2-0-8\" ><div\n\t\t\t\n\t\t\tclass=\"so-widget-sow-accordion so-widget-sow-accordion-default-99be652ed941-1074\"\n\t\t\t\n\t\t><h3 class=\"widget-title\">Faq's<\/h3><div>\n\t<div class=\"sow-accordion\">\n\t\t\t<div class=\"sow-accordion-panel\n\t\t sow-accordion-panel-open\t\t\t\"\n\t\t\t\tdata-anchor-id=\"que-es-equipos-actua-a-c\">\n\t\t\t\t\t<div class=\"sow-accordion-panel-header-container\" role=\"heading\" aria-level=\"2\">\n\t\t\t\t\t<div class=\"sow-accordion-panel-header\" tabindex=\"0\" role=\"button\" id=\"accordion-label-%c2%bfqu%c3%a9-es-equipos-act%c3%baa-a-c\" aria-controls=\"accordion-content-%c2%bfqu%c3%a9-es-equipos-act%c3%baa-a-c\" aria-expanded=\"true\">\n\t\t\t\t\t\t<div class=\"sow-accordion-title sow-accordion-title-icon-left\">\n\t\t\t\t\t\t\t\t\t\t\t\t\t\t\u00bfQu\u00e9 es Equipos Act\u00faa A.C.?\t\t\t\t\t\t\t\t\t\t\t\t\t<\/div>\n\t\t\t\t\t\t<div class=\"sow-accordion-open-close-button\">\n\t\t\t\t\t\t\t<div class=\"sow-accordion-open-button\">\n\t\t\t\t\t\t\t\t<span class=\"sow-icon-ionicons\" data-sow-icon=\"&#xf218;\"\n\t\t \n\t\taria-hidden=\"true\"><\/span>\t\t\t\t\t\t\t<\/div>\n\t\t\t\t\t\t\t<div class=\"sow-accordion-close-button\">\n\t\t\t\t\t\t\t\t<span class=\"sow-icon-ionicons\" data-sow-icon=\"&#xf209;\"\n\t\t \n\t\taria-hidden=\"true\"><\/span>\t\t\t\t\t\t\t<\/div>\n\t\t\t\t\t\t<\/div>\n\t\t\t\t\t<\/div>\n\t\t\t\t<\/div>\n\n\t\t\t<div\n\t\t\t\tclass=\"sow-accordion-panel-content\"\n\t\t\t\trole=\"region\"\n\t\t\t\taria-labelledby=\"accordion-label-%c2%bfqu%c3%a9-es-equipos-act%c3%baa-a-c\"\n\t\t\t\tid=\"accordion-content-%c2%bfqu%c3%a9-es-equipos-act%c3%baa-a-c\"\n\t\t\t\t\t\t\t>\n\t\t\t\t<div class=\"sow-accordion-panel-border\">\n\t\t\t\t\t<p>Equipos Act\u00faa A.C. es una instituci\u00f3n sin fines de lucro que pretende facultar a las personas para exponer lo mejor de ellas. Creemos que cada persona tiene un prop\u00f3sito para aportar a la sociedad, por lo cual promovemos la b\u00fasqueda intensa de ese prop\u00f3sito y la capacitaci\u00f3n para lograrlo.<\/p>\n\t\t\t\t<\/div>\n\t\t\t<\/div>\n\t\t<\/div>\n\t\t\t<div class=\"sow-accordion-panel\n\t\t\t\t\t\"\n\t\t\t\tdata-anchor-id=\"por-que-sus-tarifas-accesibles\">\n\t\t\t\t\t<div class=\"sow-accordion-panel-header-container\" role=\"heading\" aria-level=\"2\">\n\t\t\t\t\t<div class=\"sow-accordion-panel-header\" tabindex=\"0\" role=\"button\" id=\"accordion-label-%c2%bfpor-qu%c3%a9-sus-tarifas-accesibles\" aria-controls=\"accordion-content-%c2%bfpor-qu%c3%a9-sus-tarifas-accesibles\" aria-expanded=\"false\">\n\t\t\t\t\t\t<div class=\"sow-accordion-title sow-accordion-title-icon-left\">\n\t\t\t\t\t\t\t\t\t\t\t\t\t\t\u00bfPor qu\u00e9 sus tarifas accesibles?\t\t\t\t\t\t\t\t\t\t\t\t\t<\/div>\n\t\t\t\t\t\t<div class=\"sow-accordion-open-close-button\">\n\t\t\t\t\t\t\t<div class=\"sow-accordion-open-button\">\n\t\t\t\t\t\t\t\t<span class=\"sow-icon-ionicons\" data-sow-icon=\"&#xf218;\"\n\t\t \n\t\taria-hidden=\"true\"><\/span>\t\t\t\t\t\t\t<\/div>\n\t\t\t\t\t\t\t<div class=\"sow-accordion-close-button\">\n\t\t\t\t\t\t\t\t<span class=\"sow-icon-ionicons\" data-sow-icon=\"&#xf209;\"\n\t\t \n\t\taria-hidden=\"true\"><\/span>\t\t\t\t\t\t\t<\/div>\n\t\t\t\t\t\t<\/div>\n\t\t\t\t\t<\/div>\n\t\t\t\t<\/div>\n\n\t\t\t<div\n\t\t\t\tclass=\"sow-accordion-panel-content\"\n\t\t\t\trole=\"region\"\n\t\t\t\taria-labelledby=\"accordion-label-%c2%bfpor-qu%c3%a9-sus-tarifas-accesibles\"\n\t\t\t\tid=\"accordion-content-%c2%bfpor-qu%c3%a9-sus-tarifas-accesibles\"\n\t\t\t\tstyle=\"display: none;\"\t\t\t>\n\t\t\t\t<div class=\"sow-accordion-panel-border\">\n\t\t\t\t\t<p>Al ser una Asociaci\u00f3n sin fines de lucro, se pretende ser accesibles solicitando un donativo que nos permita pagar nuestros gastos operativos y que las personas puedan beneficiarse con cualquiera de nuestros cursos y talleres a costos muy accesibles.<\/p>\n\t\t\t\t<\/div>\n\t\t\t<\/div>\n\t\t<\/div>\n\t\t\t<div class=\"sow-accordion-panel\n\t\t\t\t\t\"\n\t\t\t\tdata-anchor-id=\"que-valores-mueven-a-equipos-actua\">\n\t\t\t\t\t<div class=\"sow-accordion-panel-header-container\" role=\"heading\" aria-level=\"2\">\n\t\t\t\t\t<div class=\"sow-accordion-panel-header\" tabindex=\"0\" role=\"button\" id=\"accordion-label-%c2%bfqu%c3%a9-valores-mueven-a-equipos-act%c3%baa\" aria-controls=\"accordion-content-%c2%bfqu%c3%a9-valores-mueven-a-equipos-act%c3%baa\" aria-expanded=\"false\">\n\t\t\t\t\t\t<div class=\"sow-accordion-title sow-accordion-title-icon-left\">\n\t\t\t\t\t\t\t\t\t\t\t\t\t\t\u00bfQu\u00e9 valores mueven a Equipos Act\u00faa?\t\t\t\t\t\t\t\t\t\t\t\t\t<\/div>\n\t\t\t\t\t\t<div class=\"sow-accordion-open-close-button\">\n\t\t\t\t\t\t\t<div class=\"sow-accordion-open-button\">\n\t\t\t\t\t\t\t\t<span class=\"sow-icon-ionicons\" data-sow-icon=\"&#xf218;\"\n\t\t \n\t\taria-hidden=\"true\"><\/span>\t\t\t\t\t\t\t<\/div>\n\t\t\t\t\t\t\t<div class=\"sow-accordion-close-button\">\n\t\t\t\t\t\t\t\t<span class=\"sow-icon-ionicons\" data-sow-icon=\"&#xf209;\"\n\t\t \n\t\taria-hidden=\"true\"><\/span>\t\t\t\t\t\t\t<\/div>\n\t\t\t\t\t\t<\/div>\n\t\t\t\t\t<\/div>\n\t\t\t\t<\/div>\n\n\t\t\t<div\n\t\t\t\tclass=\"sow-accordion-panel-content\"\n\t\t\t\trole=\"region\"\n\t\t\t\taria-labelledby=\"accordion-label-%c2%bfqu%c3%a9-valores-mueven-a-equipos-act%c3%baa\"\n\t\t\t\tid=\"accordion-content-%c2%bfqu%c3%a9-valores-mueven-a-equipos-act%c3%baa\"\n\t\t\t\tstyle=\"display: none;\"\t\t\t>\n\t\t\t\t<div class=\"sow-accordion-panel-border\">\n\t\t\t\t\t<p>Nuestra instituci\u00f3n promueve principios y valores universales para ense\u00f1ar a las personas a edificar sus vidas y proyectos en dichos principios y as\u00ed tener una transformaci\u00f3n personal, familiar y social.<\/p>\n\t\t\t\t<\/div>\n\t\t\t<\/div>\n\t\t<\/div>\n\t\t<\/div>\n<\/div>\n<\/div><\/div><\/div><\/div><div id=\"pgc-1074-2-1\"  class=\"panel-grid-cell\" ><div id=\"panel-1074-2-1-0\" class=\"so-panel widget widget_sow-image panel-first-child\" data-index=\"13\" ><div\n\t\t\t\n\t\t\tclass=\"so-widget-sow-image so-widget-sow-image-default-8b5b6f678277-1074\"\n\t\t\t\n\t\t>\n<div class=\"sow-image-container\">\n\t\t<img \n\tsrc=\"https:\/\/academia.actua.org.mx\/wp-content\/uploads\/2018\/08\/180813-Maru-javier.jpg\" width=\"800\" height=\"580\" srcset=\"https:\/\/academia.actua.org.mx\/wp-content\/uploads\/2018\/08\/180813-Maru-javier.jpg 800w, https:\/\/academia.actua.org.mx\/wp-content\/uploads\/2018\/08\/180813-Maru-javier-300x218.jpg 300w, https:\/\/academia.actua.org.mx\/wp-content\/uploads\/2018\/08\/180813-Maru-javier-768x557.jpg 768w\" sizes=\"(max-width: 800px) 100vw, 800px\" alt=\"\" \t\tclass=\"so-widget-image\"\/>\n\t<\/div>\n\n<\/div><\/div><div id=\"panel-1074-2-1-1\" class=\"so-panel widget widget_sow-editor panel-last-child\" data-index=\"14\" ><div class=\"bloque-ficha panel-widget-style panel-widget-style-for-1074-2-1-1\" ><div\n\t\t\t\n\t\t\tclass=\"so-widget-sow-editor so-widget-sow-editor-base\"\n\t\t\t\n\t\t>\n<div class=\"siteorigin-widget-tinymce textwidget\">\n\t<h2>Curso de matrimonios<\/h2>\n<p><strong>Asesores:<\/strong><br \/>\nMar\u00eda Eugenia Flores<br \/>\nJavier Moreno Ocaranza<\/p>\n<div class=\"precio\"><span class=\"small\"><a href=\"http:\/\/paypal.me\/equiposactua\" style=\"color:#fff;\" target=\"_blank\">DONATIVO VOLUNTARIO CON PAYPAL<\/a><\/span><\/div>\n<div class=\"horario\">Iniciamos<br \/>\n<span style=\"color: #0064a2; margin: 0;\">Jueves 14 de enero<\/span><\/div>\n<div class=\"horario\"><img loading=\"lazy\" decoding=\"async\" class=\"alignnone size-full wp-image-79\" src=\"http:\/\/academia.actua.org.mx\/wp-content\/uploads\/2018\/06\/icon-inicio.png\" alt=\"\" width=\"41\" height=\"38\" \/>Jueves<br \/>\n8:00 a 9:00 pm - V\u00eda Zoom<\/div>\n<div class=\"horario\">Duraci\u00f3n: 11 sesiones<\/div>\n<p><a class=\"btn\" href=\"#inscribete\">Inscr\u00edbete<\/a><\/p>\n<\/div>\n<\/div><\/div><\/div><\/div><\/div><\/div><div id=\"pg-1074-3\"  class=\"panel-grid panel-has-style\" ><div class=\"seccion-registro siteorigin-panels-stretch panel-row-style panel-row-style-for-1074-3\" data-stretch-type=\"full\" ><div id=\"pgc-1074-3-0\"  class=\"panel-grid-cell\" ><div id=\"panel-1074-3-0-0\" class=\"so-panel widget widget_sow-editor panel-first-child panel-last-child\" data-index=\"15\" ><div class=\"bloque-informes panel-widget-style panel-widget-style-for-1074-3-0-0\" ><div\n\t\t\t\n\t\t\tclass=\"so-widget-sow-editor so-widget-sow-editor-base\"\n\t\t\t\n\t\t>\n<div class=\"siteorigin-widget-tinymce textwidget\">\n\t<h3>INFORMES<\/h3>\n<p>Tel.\u00a0<a href=\"tel: 2212159594\" style=\"color:#fff;\">221 215 95 94<\/a><\/p>\n<p><b>Rub\u00ed Pantoja<br \/>\n<\/b>Asesora Acad\u00e9mica<br \/>\n<span style=\"font-size: 1rem;\">rubi@actua.org.mx<\/span><\/p>\n<\/div>\n<\/div><\/div><\/div><\/div><div id=\"pgc-1074-3-1\"  class=\"panel-grid-cell panel-grid-cell-empty panel-grid-cell-mobile-last\" ><\/div><div id=\"pgc-1074-3-2\"  class=\"panel-grid-cell panel-grid-cell-empty\" ><\/div><\/div><\/div><\/div>","protected":false},"excerpt":{"rendered":"<p>Matrimonios que duran toda la vida CURSO ONLINE Curso de matrimonios Asesores: Mar\u00eda Eugenia Flores Javier Moreno Ocaranza DONATIVO VOLUNTARIO CON PAYPAL Iniciamos Jueves 14 de enero Jueves 8:00 a 9:00 pm &#8211; V\u00eda Zoom Duraci\u00f3n: 11 sesiones Inscr\u00edbete<\/p>\n","protected":false},"author":1,"featured_media":0,"parent":0,"menu_order":0,"comment_status":"closed","ping_status":"closed","template":"","meta":{"footnotes":""},"class_list":["post-1074","page","type-page","status-publish","hentry"],"_links":{"self":[{"href":"https:\/\/academia.actua.org.mx\/index.php\/wp-json\/wp\/v2\/pages\/1074"}],"collection":[{"href":"https:\/\/academia.actua.org.mx\/index.php\/wp-json\/wp\/v2\/pages"}],"about":[{"href":"https:\/\/academia.actua.org.mx\/index.php\/wp-json\/wp\/v2\/types\/page"}],"author":[{"embeddable":true,"href":"https:\/\/academia.actua.org.mx\/index.php\/wp-json\/wp\/v2\/users\/1"}],"replies":[{"embeddable":true,"href":"https:\/\/academia.actua.org.mx\/index.php\/wp-json\/wp\/v2\/comments?post=1074"}],"version-history":[{"count":187,"href":"https:\/\/academia.actua.org.mx\/index.php\/wp-json\/wp\/v2\/pages\/1074\/revisions"}],"predecessor-version":[{"id":1369,"href":"https:\/\/academia.actua.org.mx\/index.php\/wp-json\/wp\/v2\/pages\/1074\/revisions\/1369"}],"wp:attachment":[{"href":"https:\/\/academia.actua.org.mx\/index.php\/wp-json\/wp\/v2\/media?parent=1074"}],"curies":[{"name":"wp","href":"https:\/\/api.w.org\/{rel}","templated":true}]}}